{"id":3,"date":"2021-01-19T13:37:04","date_gmt":"2021-01-19T13:37:04","guid":{"rendered":"https:\/\/halos.ee\/?page_id=3"},"modified":"2026-03-03T16:19:32","modified_gmt":"2026-03-03T14:19:32","slug":"privaatsuspoliitika","status":"publish","type":"page","link":"https:\/\/halos.ee\/rus\/privaatsuspoliitika\/","title":{"rendered":"\u041f\u043e\u043b\u0438\u0442\u0438\u043a\u0430 \u043a\u043e\u043d\u0444\u0438\u0434\u0435\u043d\u0446\u0438\u0430\u043b\u044c\u043d\u043e\u0441\u0442\u0438"},"content":{"rendered":"<div data-elementor-type=\"wp-page\" data-elementor-id=\"3\" class=\"elementor elementor-3\">\n\t\t\t\t\t\t<section class=\"elementor-section elementor-top-section elementor-element elementor-element-fb774cc elementor-section-boxed elementor-section-height-default elementor-section-height-default exad-glass-effect-no exad-sticky-section-no\" data-id=\"fb774cc\" data-element_type=\"section\" data-e-type=\"section\">\n\t\t\t\t\t\t<div class=\"elementor-container elementor-column-gap-default\">\n\t\t\t\t\t<div class=\"elementor-column elementor-col-100 elementor-top-column elementor-element elementor-element-2d79c26 exad-glass-effect-no exad-sticky-section-no\" data-id=\"2d79c26\" data-element_type=\"column\" data-e-type=\"column\" data-settings=\"{&quot;background_background&quot;:&quot;classic&quot;}\">\n\t\t\t<div class=\"elementor-widget-wrap elementor-element-populated\">\n\t\t\t\t\t\t<div class=\"elementor-element elementor-element-9b56b95 exad-sticky-section-no exad-glass-effect-no elementor-widget elementor-widget-heading\" data-id=\"9b56b95\" data-element_type=\"widget\" data-e-type=\"widget\" data-widget_type=\"heading.default\">\n\t\t\t\t<div class=\"elementor-widget-container\">\n\t\t\t\t\t<h2 class=\"elementor-heading-title elementor-size-default\">\u041f\u043e\u043b\u0438\u0442\u0438\u043a\u0430 \u043a\u043e\u043d\u0444\u0438\u0434\u0435\u043d\u0446\u0438\u0430\u043b\u044c\u043d\u043e\u0441\u0442\u0438<\/h2>\t\t\t\t<\/div>\n\t\t\t\t<\/div>\n\t\t\t\t<div class=\"elementor-element elementor-element-08fd9f1 exad-sticky-section-no exad-glass-effect-no elementor-widget elementor-widget-text-editor\" data-id=\"08fd9f1\" data-element_type=\"widget\" data-e-type=\"widget\" data-widget_type=\"text-editor.default\">\n\t\t\t\t<div class=\"elementor-widget-container\">\n\t\t\t\t\t\t\t\t\t<p>Uuendatud: 03.03.2026<br \/>Veebileht: www.halos.ee<br \/>Vastutav t\u00f6\u00f6tleja: HALOTERAAPIA KESKUS O\u00dc<br \/>\u042d\u043b\u0435\u043a\u0442\u0440\u043e\u043d\u043d\u0430\u044f \u043f\u043e\u0447\u0442\u0430: info@halos.ee<\/p><p>HALOTERAAPIA KESKUS O\u00dc (\u201cmeie\u201d, \u201cmeid\u201d, \u201cmeile\u201d) t\u00f6\u00f6tleb isikuandmeid koosk\u00f5las Euroopa Liidu isikuandmete kaitse \u00fcldm\u00e4\u00e4rusega (GDPR) ning Eesti Vabariigi kehtivate \u00f5igusaktidega.<\/p><p>K\u00e4esolev privaatsuspoliitika selgitab, kuidas kogume, kasutame, s\u00e4ilitame ja kaitseme isikuandmeid seoses:<\/p><ul><li>e-poe kasutamisega<\/li><li>soolakambri broneerimisega<\/li><li>m\u00e4ngutoa broneerimisega<\/li><li>huviringidega liitumisega<\/li><li>ruumide rendi broneerimisega<\/li><li>kinkekaartide ostmisega<\/li><li>uudiskirjade tellimisega<\/li><\/ul><p>Teenuse kasutamisega n\u00f5ustute k\u00e4esolevas privaatsuspoliitikas kirjeldatud andmet\u00f6\u00f6tlusega.<\/p><h2>1. Milliseid andmeid kogume<\/h2><h3>1.1 Isikuandmed<\/h3><p>Teenuste kasutamisel v\u00f5ime koguda j\u00e4rgmisi andmeid:<\/p><ul><li>ees- ja perekonnanimi<\/li><li>e-posti aadress<\/li><li>telefoninumber<\/li><\/ul><p>Kogume andmeid ainult ulatuses, mis on vajalik teenuse osutamiseks.<\/p><h3 style=\"padding-left: 40px;\">1.2 Maksetega seotud andmed<\/h3><p style=\"padding-left: 40px;\">Maksete t\u00f6\u00f6tlemiseks kasutame Maksekeskus AS teenuseid.<\/p><ul><li style=\"list-style-type: none;\"><ul><li>Me ei kogu ega s\u00e4ilita maksekaardiandmeid.<\/li><li>Maksete t\u00f6\u00f6tlemiseks vajalik info edastatakse otse Maksekeskusele.<\/li><li>Makset\u00f6\u00f6tlejad j\u00e4rgivad PCI-DSS turvastandardeid.<\/li><\/ul><\/li><\/ul><p style=\"padding-left: 40px;\">Maksekeskuse privaatsustingimused on k\u00e4ttesaadavad nende ametlikul veebilehel.<\/p><h2 style=\"padding-left: 40px;\">1.3 Kasutusandmed<\/h2><p style=\"padding-left: 40px;\">Veebilehe kasutamisel kogume automaatselt:<\/p><ul><li style=\"list-style-type: none;\"><ul><li>IP-aadress<\/li><li>brauseri t\u00fc\u00fcp ja versioon<\/li><li>seadme t\u00fc\u00fcp<\/li><li>k\u00fclastuse aeg ja kuup\u00e4ev<\/li><li>k\u00fclastatud lehed<\/li><li>veebilehel viibimise aeg<\/li><\/ul><\/li><\/ul><h2>2. Andmete kasutamise eesm\u00e4rgid<\/h2><p>Kasutame isikuandmeid:<\/p><ul><li>teenuste osutamiseks ja broneeringute haldamiseks<\/li><li>tellimuste t\u00f6\u00f6tlemiseks<\/li><li>kliendisuhtluseks<\/li><li>klienditoe pakkumiseks<\/li><li>teenuse arendamiseks ja anal\u00fc\u00fcsimiseks<\/li><li>turundusteavituste saatmiseks (ainult n\u00f5usoleku alusel)<\/li><li>seadusest tulenevate kohustuste t\u00e4itmiseks<\/li><\/ul><h2>3. K\u00fcpsised<\/h2><p>Halos kasutab k\u00fcpsiseid ja sarnaseid tehnoloogiaid:<\/p><ul><li>veebilehe toimimise tagamiseks<\/li><li>anal\u00fc\u00fctika jaoks<\/li><li>turunduse ja reklaami m\u00f5\u00f5tmiseks<\/li><\/ul><p>Kasutame j\u00e4rgmisi k\u00fcpsiste kategooriaid:<\/p><ul><li>H\u00e4davajalikud k\u00fcpsised<\/li><li>Anal\u00fc\u00fctilised k\u00fcpsised<\/li><li>Turundusk\u00fcpsised<\/li><\/ul><p>Anal\u00fc\u00fctilised ja turundusk\u00fcpsised aktiveeritakse ainult kasutaja n\u00f5usolekul.<\/p><p>Kasutaja saab k\u00fcpsiseid hallata brauseri seadetes v\u00f5i k\u00fcpsiste b\u00e4nneri kaudu.<\/p><h2>4. Anal\u00fc\u00fctika<\/h2><p>V\u00f5ime kasutada kolmandate osapoolte teenuseid teenuse kasutamise j\u00e4lgimiseks ja anal\u00fc\u00fcsimiseks.<\/p><h3 style=\"padding-left: 40px;\">4.1 Google Analytics<\/h3><p style=\"padding-left: 40px;\">Kasutame Google Analyticsit (Google LLC), et anal\u00fc\u00fcsida veebilehe kasutust.<\/p><p style=\"padding-left: 40px;\">Google v\u00f5ib kogutud andmeid kasutada:<\/p><ul><li style=\"list-style-type: none;\"><ul><li>teenuse kasutamise anal\u00fc\u00fcsimiseks<\/li><li>reklaamide isikup\u00e4rastamiseks<\/li><li>teiste Google\u2019i teenustega \u00fchendamiseks<\/li><\/ul><\/li><\/ul><p style=\"padding-left: 40px;\">Google\u2019i privaatsuspoliitika:<br \/><a href=\"https:\/\/policies.google.com\/privacy?hl=et\" target=\"_blank\" rel=\"noopener\">https:\/\/policies.google.com\/privacy?hl=et<\/a><\/p><p style=\"padding-left: 40px;\">Kasutaja v\u00f5ib keelduda Google Analyticsi andmekogumisest, installides Google\u2019i keeldumise lisandmooduli: <a href=\"https:\/\/tools.google.com\/dlpage\/gaoptout\" target=\"_blank\" rel=\"noopener\">https:\/\/tools.google.com\/dlpage\/gaoptout<\/a><\/p><h3 style=\"padding-left: 40px;\">4.2 Google Tag Manager<\/h3><p style=\"padding-left: 40px;\">Kasutame Google Tag Managerit anal\u00fc\u00fctiliste ja turundusskriptide haldamiseks.<\/p><p style=\"padding-left: 40px;\">Google Tag Manager ise isikuandmeid ei kogu, kuid v\u00f5imaldab teiste t\u00f6\u00f6riistade aktiveerimist vastavalt kasutaja n\u00f5usolekule.<\/p><h2>5. K\u00e4itumuslik taasturundus<\/h2><p>V\u00f5ime kasutada taasturundusteenuseid, et kuvada reklaame kolmandate osapoolte platvormidel.<\/p><h3 style=\"padding-left: 40px;\">5.1 Google Ads (AdWords)<\/h3><p style=\"padding-left: 40px;\">Google\u2019i reklaamide taasturundusteenust pakub Google LLC.<\/p><p style=\"padding-left: 40px;\">Reklaamiseaded:<br \/><a href=\"http:\/\/www.google.com\/settings\/ads\" target=\"_blank\" rel=\"noopener\">http:\/\/www.google.com\/settings\/ads<\/a><\/p><p style=\"padding-left: 40px;\">Google\u2019i privaatsustingimused:<br \/><a href=\"https:\/\/policies.google.com\/privacy\" target=\"_blank\" rel=\"noopener\">https:\/\/policies.google.com\/privacy<\/a><\/p><h3 style=\"padding-left: 40px;\">5.2 Meta Pixel (Facebook \/ Instagram)<\/h3><p style=\"padding-left: 40px;\">Kasutame Meta Platforms Inc. pakutavat Meta Pixeli teenust, et m\u00f5\u00f5ta reklaamide tulemuslikkust ja pakkuda sihitud reklaami.<\/p><p style=\"padding-left: 40px;\">Meta andmepoliitika:<br \/><a href=\"https:\/\/www.facebook.com\/privacy\/explanation\" target=\"_blank\" rel=\"noopener\">https:\/\/www.facebook.com\/privacy\/explanation<\/a><\/p><p style=\"padding-left: 40px;\">Huvip\u00f5histe reklaamide seadistused:<br \/><a href=\"https:\/\/www.facebook.com\/help\/568137493302217\" target=\"_blank\" rel=\"noopener\">https:\/\/www.facebook.com\/help\/568137493302217<\/a><\/p><p style=\"padding-left: 40px;\">Euroopa reklaamiseadete keskkond:<br \/><a href=\"http:\/\/www.youronlinechoices.eu\" target=\"_blank\" rel=\"noopener\">http:\/\/www.youronlinechoices.eu<\/a><\/p><p style=\"padding-left: 40px;\">Meta Pixel aktiveeritakse ainult kasutaja n\u00f5usolekul.<\/p><h2>6. Isikuandmete t\u00f6\u00f6tlemise \u00f5iguslik alus (GDPR)<\/h2><p>Isikuandmete t\u00f6\u00f6tlemise aluseks on:<\/p><ul><li>lepingu t\u00e4itmine (broneeringud, ostud)<\/li><li>n\u00f5usolek (turundus, anal\u00fc\u00fctika)<\/li><li>\u00f5igustatud huvi (teenuse arendamine, turvalisus)<\/li><li>seadusest tulenev kohustus (raamatupidamine)<\/li><\/ul><h2>7. Andmete s\u00e4ilitamine<\/h2><p>S\u00e4ilitame andmeid:<\/p><ul><li>nii kaua, kui see on vajalik teenuse osutamiseks<\/li><li>seadusest tulenevate kohustuste t\u00e4itmiseks<\/li><li>vaidluste lahendamiseks<\/li><\/ul><p>Anal\u00fc\u00fctilisi andmeid s\u00e4ilitatakse vastavalt Google\u2019i seadistustele.<\/p><h2>8. Andmete edastamine<\/h2><p>V\u00f5ime edastada andmeid:<\/p><ul><li>makseteenuse pakkujale<\/li><li>IT-teenuse pakkujatele<\/li><li>anal\u00fc\u00fctilistele ja reklaamiplatvormidele (n\u00f5usoleku alusel)<\/li><\/ul><p>Andmeid ei m\u00fc\u00fcda kolmandatele osapooltele.<\/p><h2>9. Andmete turvalisus<\/h2><p>Rakendame tehnilisi ja organisatsioonilisi meetmeid isikuandmete kaitseks.<\/p><h2>10. Andmesubjekti \u00f5igused<\/h2><p>Teil on \u00f5igus:<\/p><ul><li>saada teavet oma andmete kohta<\/li><li>n\u00f5uda andmete parandamist<\/li><li>n\u00f5uda andmete kustutamist<\/li><li>piirata andmete t\u00f6\u00f6tlemist<\/li><li>esitada vastuv\u00e4iteid<\/li><li>saada andmete koopia<\/li><li>v\u00f5tta n\u00f5usolek tagasi<\/li><li>esitada kaebus Andmekaitse Inspektsioonile<\/li><\/ul><p>Taotlused: info@halos.ee<\/p><h2>11. Laste turvalisus<\/h2><p>\u041c\u044b \u0441\u043e\u0437\u043d\u0430\u0442\u0435\u043b\u044c\u043d\u043e \u043d\u0435 \u0441\u043e\u0431\u0438\u0440\u0430\u0435\u043c \u043b\u0438\u0447\u043d\u0443\u044e \u0438\u043d\u0444\u043e\u0440\u043c\u0430\u0446\u0438\u044e \u043e\u0442 \u043b\u0438\u0446 \u043c\u043b\u0430\u0434\u0448\u0435 18 \u043b\u0435\u0442.<\/p><p>\u0415\u0441\u043b\u0438 \u0432\u044b \u044f\u0432\u043b\u044f\u0435\u0442\u0435\u0441\u044c \u0440\u043e\u0434\u0438\u0442\u0435\u043b\u0435\u043c \u0438\u043b\u0438 \u043e\u043f\u0435\u043a\u0443\u043d\u043e\u043c \u0438 \u0437\u043d\u0430\u0435\u0442\u0435, \u0447\u0442\u043e \u0432\u0430\u0448 \u0440\u0435\u0431\u0435\u043d\u043e\u043a \u043f\u0440\u0435\u0434\u043e\u0441\u0442\u0430\u0432\u0438\u043b \u043d\u0430\u043c \u043b\u0438\u0447\u043d\u044b\u0435 \u0434\u0430\u043d\u043d\u044b\u0435, \u0441\u0432\u044f\u0436\u0438\u0442\u0435\u0441\u044c \u0441 \u043d\u0430\u043c\u0438 \u043f\u043e \u044d\u043b\u0435\u043a\u0442\u0440\u043e\u043d\u043d\u043e\u0439 \u043f\u043e\u0447\u0442\u0435: info@halos.ee<\/p><p>\u0415\u0441\u043b\u0438 \u043c\u044b \u0443\u0437\u043d\u0430\u0435\u043c, \u0447\u0442\u043e \u043c\u044b \u0441\u043e\u0431\u0440\u0430\u043b\u0438 \u043f\u0435\u0440\u0441\u043e\u043d\u0430\u043b\u044c\u043d\u044b\u0435 \u0434\u0430\u043d\u043d\u044b\u0435 \u0434\u0435\u0442\u0435\u0439 \u0431\u0435\u0437 \u043f\u0440\u043e\u0432\u0435\u0440\u043a\u0438 \u0441\u043e\u0433\u043b\u0430\u0441\u0438\u044f \u0440\u043e\u0434\u0438\u0442\u0435\u043b\u0435\u0439, \u043c\u044b \u0443\u0434\u0430\u043b\u0438\u043c \u0432\u0441\u044e \u0438\u043d\u0444\u043e\u0440\u043c\u0430\u0446\u0438\u044e \u0441 \u043d\u0430\u0448\u0438\u0445 \u0441\u0435\u0440\u0432\u0435\u0440\u043e\u0432.<\/p><h2>12. Videovalve ja salvestiste kasutamine Halos Keskuses<\/h2><p>Turvalisuse ja vara kaitse eesm\u00e4rgil on Halos keskuses videovalve.<\/p><ul><li>Kaamerad ei asu tualettides ega riietusruumides.<\/li><li>Salvestisi kasutatakse ainult turvalisuse eesm\u00e4rgil.<\/li><li>Salvestisi ei jagata kolmandatele osapooltele, v\u00e4lja arvatud seadusest tulenevatel juhtudel.<\/li><\/ul><h2>13. Viited teistele veebilehtedele<\/h2><p>halos.ee v\u00f5ib sisaldada linke teistele veebilehtedele.<\/p><p>Me ei vastuta kolmandate osapoolte veebilehtede sisu ega privaatsuspoliitika eest. Soovitame tutvuda iga veebilehe privaatsustingimustega eraldi.<\/p><h2>14. Privaatsuspoliitika muutmine<\/h2><p>V\u00f5ime aeg-ajalt k\u00e4esolevat privaatsuspoliitikat uuendada.<br \/>Uuendused avaldatakse samal lehel koos kuup\u00e4evaga.<\/p>\t\t\t\t\t\t\t\t<\/div>\n\t\t\t\t<\/div>\n\t\t\t\t\t<\/div>\n\t\t<\/div>\n\t\t\t\t\t<\/div>\n\t\t<\/section>\n\t\t\t\t<section class=\"elementor-section elementor-top-section elementor-element elementor-element-7bb0beb elementor-section-boxed elementor-section-height-default elementor-section-height-default exad-glass-effect-no exad-sticky-section-no\" data-id=\"7bb0beb\" data-element_type=\"section\" data-e-type=\"section\">\n\t\t\t\t\t\t<div class=\"elementor-container elementor-column-gap-default\">\n\t\t\t\t\t<div class=\"elementor-column elementor-col-100 elementor-top-column elementor-element elementor-element-f91f70b exad-glass-effect-no exad-sticky-section-no\" data-id=\"f91f70b\" data-element_type=\"column\" data-e-type=\"column\">\n\t\t\t<div class=\"elementor-widget-wrap\">\n\t\t\t\t\t\t\t<\/div>\n\t\t<\/div>\n\t\t\t\t\t<\/div>\n\t\t<\/section>\n\t\t\t\t<\/div>","protected":false},"excerpt":{"rendered":"<p>Privaatsuspoliitika Uuendatud: 03.03.2026Veebileht: www.halos.eeVastutav t\u00f6\u00f6tleja: HALOTERAAPIA KESKUS O\u00dcE-post: info@halos.ee HALOTERAAPIA KESKUS O\u00dc (\u201cmeie\u201d, \u201cmeid\u201d, \u201cmeile\u201d) t\u00f6\u00f6tleb isikuandmeid koosk\u00f5las Euroopa Liidu [&hellip;]<\/p>\n","protected":false},"author":1,"featured_media":0,"parent":0,"menu_order":0,"comment_status":"closed","ping_status":"closed","template":"","meta":{"site-sidebar-layout":"default","site-content-layout":"","ast-site-content-layout":"default","site-content-style":"default","site-sidebar-style":"default","ast-global-header-display":"","ast-banner-title-visibility":"","ast-main-header-display":"","ast-hfb-above-header-display":"","ast-hfb-below-header-display":"","ast-hfb-mobile-header-display":"","site-post-title":"disabled","ast-breadcrumbs-content":"","ast-featured-img":"","footer-sml-layout":"","theme-transparent-header-meta":"","adv-header-id-meta":"","stick-header-meta":"","header-above-stick-meta":"","header-main-stick-meta":"","header-below-stick-meta":"","astra-migrate-meta-layouts":"set","ast-page-background-enabled":"default","ast-page-background-meta":{"desktop":{"background-color":"","background-image":"","background-repeat":"repeat","background-position":"center center","background-size":"auto","background-attachment":"scroll","background-type":"","background-media":"","overlay-type":"","overlay-color":"","overlay-opacity":"","overlay-gradient":""},"tablet":{"background-color":"","background-image":"","background-repeat":"repeat","background-position":"center center","background-size":"auto","background-attachment":"scroll","background-type":"","background-media":"","overlay-type":"","overlay-color":"","overlay-opacity":"","overlay-gradient":""},"mobile":{"background-color":"","background-image":"","background-repeat":"repeat","background-position":"center center","background-size":"auto","background-attachment":"scroll","background-type":"","background-media":"","overlay-type":"","overlay-color":"","overlay-opacity":"","overlay-gradient":""}},"ast-content-background-meta":{"desktop":{"background-color":"var(--ast-global-color-5)","background-image":"","background-repeat":"repeat","background-position":"center center","background-size":"auto","background-attachment":"scroll","background-type":"","background-media":"","overlay-type":"","overlay-color":"","overlay-opacity":"","overlay-gradient":""},"tablet":{"background-color":"var(--ast-global-color-5)","background-image":"","background-repeat":"repeat","background-position":"center center","background-size":"auto","background-attachment":"scroll","background-type":"","background-media":"","overlay-type":"","overlay-color":"","overlay-opacity":"","overlay-gradient":""},"mobile":{"background-color":"var(--ast-global-color-5)","background-image":"","background-repeat":"repeat","background-position":"center center","background-size":"auto","background-attachment":"scroll","background-type":"","background-media":"","overlay-type":"","overlay-color":"","overlay-opacity":"","overlay-gradient":""}},"footnotes":""},"class_list":["post-3","page","type-page","status-publish","hentry"],"_links":{"self":[{"href":"https:\/\/halos.ee\/rus\/wp-json\/wp\/v2\/pages\/3","targetHints":{"allow":["GET"]}}],"collection":[{"href":"https:\/\/halos.ee\/rus\/wp-json\/wp\/v2\/pages"}],"about":[{"href":"https:\/\/halos.ee\/rus\/wp-json\/wp\/v2\/types\/page"}],"author":[{"embeddable":true,"href":"https:\/\/halos.ee\/rus\/wp-json\/wp\/v2\/users\/1"}],"replies":[{"embeddable":true,"href":"https:\/\/halos.ee\/rus\/wp-json\/wp\/v2\/comments?post=3"}],"version-history":[{"count":36,"href":"https:\/\/halos.ee\/rus\/wp-json\/wp\/v2\/pages\/3\/revisions"}],"predecessor-version":[{"id":21751,"href":"https:\/\/halos.ee\/rus\/wp-json\/wp\/v2\/pages\/3\/revisions\/21751"}],"wp:attachment":[{"href":"https:\/\/halos.ee\/rus\/wp-json\/wp\/v2\/media?parent=3"}],"curies":[{"name":"wp","href":"https:\/\/api.w.org\/{rel}","templated":true}]}}