{"id":8790,"date":"2025-03-17T21:22:30","date_gmt":"2025-03-17T19:22:30","guid":{"rendered":"https:\/\/halos.ee\/about\/"},"modified":"2026-02-01T12:42:00","modified_gmt":"2026-02-01T10:42:00","slug":"meist","status":"publish","type":"page","link":"https:\/\/halos.ee\/rus\/meist\/","title":{"rendered":"\u041e \u043d\u0430\u0441"},"content":{"rendered":"<div data-elementor-type=\"wp-page\" data-elementor-id=\"8790\" class=\"elementor elementor-8790\">\n\t\t\t\t<div class=\"elementor-element elementor-element-cc4f042 e-flex e-con-boxed e-con e-parent\" data-id=\"cc4f042\" data-element_type=\"container\" data-e-type=\"container\" data-settings=\"{&quot;background_background&quot;:&quot;classic&quot;}\">\n\t\t\t\t\t<div class=\"e-con-inner\">\n\t\t<div class=\"elementor-element elementor-element-414d6ef e-con-full e-flex e-con e-child\" data-id=\"414d6ef\" data-element_type=\"container\" data-e-type=\"container\">\n\t\t\t\t<div class=\"elementor-element elementor-element-45d7c59 exad-sticky-section-no exad-glass-effect-no elementor-widget elementor-widget-heading\" data-id=\"45d7c59\" data-element_type=\"widget\" data-e-type=\"widget\" data-widget_type=\"heading.default\">\n\t\t\t\t<div class=\"elementor-widget-container\">\n\t\t\t\t\t<h1 class=\"elementor-heading-title elementor-size-default\">\u041a\u0430\u043a \u0440\u043e\u0434\u0438\u043b\u0441\u044f \u0441\u043e\u043b\u044f\u043d\u043e\u0439 \u0446\u0435\u043d\u0442\u0440 Halos?<\/h1>\t\t\t\t<\/div>\n\t\t\t\t<\/div>\n\t\t\t\t<\/div>\n\t\t\t\t\t<\/div>\n\t\t\t\t<\/div>\n\t\t<div class=\"elementor-element elementor-element-57036ac e-flex e-con-boxed e-con e-parent\" data-id=\"57036ac\" data-element_type=\"container\" data-e-type=\"container\">\n\t\t\t\t\t<div class=\"e-con-inner\">\n\t\t<div class=\"elementor-element elementor-element-bf4f9b6 e-con-full e-flex e-con e-child\" data-id=\"bf4f9b6\" data-element_type=\"container\" data-e-type=\"container\">\n\t\t\t\t<div class=\"elementor-element elementor-element-215970d exad-sticky-section-no exad-glass-effect-no elementor-widget elementor-widget-image\" data-id=\"215970d\" data-element_type=\"widget\" data-e-type=\"widget\" data-widget_type=\"image.default\">\n\t\t\t\t<div class=\"elementor-widget-container\">\n\t\t\t\t\t\t\t\t\t\t\t\t\t\t\t<img fetchpriority=\"high\" decoding=\"async\" width=\"819\" height=\"1024\" src=\"https:\/\/halos.ee\/wp-content\/uploads\/2025\/03\/Kairi-Org-819x1024.png\" class=\"attachment-large size-large wp-image-9018\" alt=\"Kairi Org - Halos laste heaolu- ja soolakeskuse asutaja\" srcset=\"https:\/\/halos.ee\/wp-content\/uploads\/2025\/03\/Kairi-Org-819x1024.png 819w, https:\/\/halos.ee\/wp-content\/uploads\/2025\/03\/Kairi-Org-240x300.png 240w, https:\/\/halos.ee\/wp-content\/uploads\/2025\/03\/Kairi-Org-768x960.png 768w, https:\/\/halos.ee\/wp-content\/uploads\/2025\/03\/Kairi-Org.png 1200w\" sizes=\"(max-width: 819px) 100vw, 819px\" \/>\t\t\t\t\t\t\t\t\t\t\t\t\t\t\t<\/div>\n\t\t\t\t<\/div>\n\t\t\t\t<\/div>\n\t\t<div class=\"elementor-element elementor-element-169d35f e-con-full e-flex e-con e-child\" data-id=\"169d35f\" data-element_type=\"container\" data-e-type=\"container\">\n\t\t\t\t<div class=\"elementor-element elementor-element-870c762 exad-sticky-section-no exad-glass-effect-no elementor-widget elementor-widget-heading\" data-id=\"870c762\" data-element_type=\"widget\" data-e-type=\"widget\" data-widget_type=\"heading.default\">\n\t\t\t\t<div class=\"elementor-widget-container\">\n\t\t\t\t\t<h2 class=\"elementor-heading-title elementor-size-default\">\u041a\u0430\u0439\u0440\u0438 \u041e\u0440\u0433<\/h2>\t\t\t\t<\/div>\n\t\t\t\t<\/div>\n\t\t\t\t<div class=\"elementor-element elementor-element-569a016 exad-sticky-section-no exad-glass-effect-no elementor-widget elementor-widget-heading\" data-id=\"569a016\" data-element_type=\"widget\" data-e-type=\"widget\" data-widget_type=\"heading.default\">\n\t\t\t\t<div class=\"elementor-widget-container\">\n\t\t\t\t\t<p class=\"elementor-heading-title elementor-size-default\">\u043e\u0441\u043d\u043e\u0432\u0430\u0442\u0435\u043b\u044c<\/p>\t\t\t\t<\/div>\n\t\t\t\t<\/div>\n\t\t\t\t<div class=\"elementor-element elementor-element-59935fa exad-sticky-section-no exad-glass-effect-no elementor-widget elementor-widget-text-editor\" data-id=\"59935fa\" data-element_type=\"widget\" data-e-type=\"widget\" data-widget_type=\"text-editor.default\">\n\t\t\t\t<div class=\"elementor-widget-container\">\n\t\t\t\t\t\t\t\t\t<p>\u0418\u0434\u0435\u044f \u0441\u043e\u0437\u0434\u0430\u043d\u0438\u044f \u0441\u043e\u043b\u044f\u043d\u043e\u0439 \u043a\u0430\u043c\u0435\u0440\u044b \u0440\u043e\u0434\u0438\u043b\u0430\u0441\u044c \u0438\u0437 \u043d\u0443\u0436\u0434 \u043d\u0430\u0448\u0435\u0439 \u0441\u043e\u0431\u0441\u0442\u0432\u0435\u043d\u043d\u043e\u0439 \u0441\u0435\u043c\u044c\u0438. \u0410 \u0438\u043c\u0435\u043d\u043d\u043e, \u0432 \u043f\u0435\u0440\u0432\u044b\u0435 \u0433\u043e\u0434\u044b \u0434\u0435\u0442\u0441\u043a\u043e\u0433\u043e \u0441\u0430\u0434\u0430 \u043c\u043e\u044f \u0434\u043e\u0447\u044c \u0431\u043e\u043b\u0435\u043b\u0430 \u043f\u0440\u043e\u0441\u0442\u0443\u0434\u043d\u044b\u043c\u0438 \u0438 \u0432\u0438\u0440\u0443\u0441\u043d\u044b\u043c\u0438 \u0437\u0430\u0431\u043e\u043b\u0435\u0432\u0430\u043d\u0438\u044f\u043c\u0438. \u041f\u043e\u0441\u043b\u0435 \u0434\u043b\u0438\u0442\u0435\u043b\u044c\u043d\u043e\u0433\u043e \u043f\u0435\u0440\u0438\u043e\u0434\u0430 \u043f\u0440\u043e\u0441\u0442\u0443\u0434\u044b \u043f\u043e\u0441\u043b\u0435\u0434\u043e\u0432\u0430\u043b \u043a\u0430\u0448\u0435\u043b\u044c. \u041c\u043d\u0435 \u0447\u0430\u0441\u0442\u043e \u043f\u0440\u0438\u0445\u043e\u0434\u0438\u043b\u043e\u0441\u044c \u043e\u0441\u0442\u0430\u0432\u0430\u0442\u044c\u0441\u044f \u0434\u043e\u043c\u0430 \u0438 \u043d\u0435 \u0445\u043e\u0434\u0438\u0442\u044c \u043d\u0430 \u0440\u0430\u0431\u043e\u0442\u0443. \u041e\u0434\u043d\u0430\u043a\u043e \u0438\u0434\u0435\u044f \u0432\u043e\u0437\u043d\u0438\u043a\u043b\u0430 \u043d\u0435\u0441\u043a\u043e\u043b\u044c\u043a\u043e \u043b\u0435\u0442 \u043d\u0430\u0437\u0430\u0434, \u043a\u043e\u0433\u0434\u0430 \u044f \u043f\u0443\u0442\u0435\u0448\u0435\u0441\u0442\u0432\u043e\u0432\u0430\u043b \u0441 \u0441\u0435\u043c\u044c\u0435\u0439. \u0423\u0436\u0435 \u0432 \u043d\u0430\u0447\u0430\u043b\u0435 \u043f\u043e\u0435\u0437\u0434\u043a\u0438 \u0443 \u0440\u0435\u0431\u0435\u043d\u043a\u0430 \u043f\u043e\u044f\u0432\u0438\u043b\u0438\u0441\u044c \u043f\u0435\u0440\u0432\u044b\u0435 \u0441\u0438\u043c\u043f\u0442\u043e\u043c\u044b \u0431\u043e\u043b\u0435\u0437\u043d\u0438. \u0411\u0435\u0437\u0443\u043c\u043d\u044b\u0439 \u0445\u043e\u043b\u043e\u0434. \"\u041b\u0430\u0434\u043d\u043e! \u0422\u0435\u043f\u0435\u0440\u044c \u044d\u0442\u0430 \u043f\u043e\u0435\u0437\u0434\u043a\u0430 \u043f\u0440\u043e\u0448\u043b\u0430 \u0445\u043e\u0440\u043e\u0448\u043e,\" \u2014 \u043c\u0440\u0430\u0447\u043d\u043e \u043f\u043e\u0434\u0443\u043c\u0430\u043b \u044f \u043f\u0440\u043e \u0441\u0435\u0431\u044f. \u041d\u0430\u043c \u043f\u043e\u0441\u043e\u0432\u0435\u0442\u043e\u0432\u0430\u043b\u0438 \u043f\u043e\u0441\u0435\u0442\u0438\u0442\u044c \u0441\u043e\u043b\u044f\u043d\u0443\u044e \u043a\u0430\u043c\u0435\u0440\u0443, \u0438 \u044d\u0442\u043e \u0434\u0435\u0439\u0441\u0442\u0432\u0438\u0442\u0435\u043b\u044c\u043d\u043e \u043f\u043e\u043c\u043e\u0433\u043b\u043e \u043e\u0431\u043b\u0435\u0433\u0447\u0438\u0442\u044c \u0441\u0438\u043c\u043f\u0442\u043e\u043c\u044b \u0440\u0435\u0431\u0435\u043d\u043a\u0430.<\/p><p>\u041f\u043e\u0441\u043b\u0435 \u043f\u043e\u0435\u0437\u0434\u043a\u0438 \u044f \u0438\u0441\u043a\u0430\u043b \u0430\u043d\u0430\u043b\u043e\u0433\u0438\u0447\u043d\u044b\u0439 \u0432\u0430\u0440\u0438\u0430\u043d\u0442, \u043d\u043e \u0441\u0443\u0449\u0435\u0441\u0442\u0432\u0443\u044e\u0449\u0438\u0435 \u0441\u043e\u043b\u044f\u043d\u044b\u0435 \u043a\u0430\u043c\u0435\u0440\u044b \u0431\u044b\u043b\u0438 \u0432 \u043e\u0441\u043d\u043e\u0432\u043d\u043e\u043c \u043e\u0440\u0438\u0435\u043d\u0442\u0438\u0440\u043e\u0432\u0430\u043d\u044b \u043d\u0430 \u0432\u0437\u0440\u043e\u0441\u043b\u044b\u0445. \u0422\u0430\u043a \u0440\u043e\u0434\u0438\u043b\u0430\u0441\u044c \u0438\u0434\u0435\u044f \u0441\u043e\u0437\u0434\u0430\u043d\u0438\u044f \u0441\u043e\u043b\u044f\u043d\u043e\u0439 \u043a\u0430\u043c\u0435\u0440\u044b, \u0443\u0447\u0438\u0442\u044b\u0432\u0430\u044e\u0449\u0435\u0439 \u043f\u043e\u0442\u0440\u0435\u0431\u043d\u043e\u0441\u0442\u0438 \u043c\u0430\u043b\u0435\u043d\u044c\u043a\u0438\u0445 \u0434\u0435\u0442\u0435\u0439.<\/p><p>\u0422\u0432\u043e\u0440\u0447\u0435\u0441\u043a\u0438\u0439 \u043f\u0440\u043e\u0446\u0435\u0441\u0441 \u0431\u044b\u043b \u043f\u043e\u043b\u043e\u043d \u043a\u0430\u043a \u0441\u043c\u0435\u0445\u0430, \u0442\u0430\u043a \u0438 \u0442\u0440\u0443\u0434\u043d\u043e\u0441\u0442\u0435\u0439: \u043d\u043e\u0447\u043d\u0430\u044f \u0440\u043e\u0441\u043f\u0438\u0441\u044c \u0441\u0442\u0435\u043d \u0438 \u043f\u043e\u0441\u0442\u043e\u044f\u043d\u043d\u043e\u0435 \u0432\u043d\u0438\u043c\u0430\u043d\u0438\u0435 \u043a \u0434\u0435\u0442\u0430\u043b\u044f\u043c \u0441\u0434\u0435\u043b\u0430\u043b\u0438 \u044d\u0442\u043e\u0442 \u043f\u0440\u043e\u0435\u043a\u0442 \u0441\u043e\u0437\u0434\u0430\u043d\u043d\u044b\u043c \u0441 \u0434\u0443\u0448\u043e\u0439.<\/p><p>\u041e\u0434\u043d\u0430\u043a\u043e \u043f\u0443\u0442\u044c \u0431\u044b\u043b \u043d\u0435\u043b\u0435\u0433\u043a\u0438\u043c, \u043d\u043e \u0414\u0415\u0422\u0421\u041a\u0418\u0419 \u0426\u0415\u041d\u0422\u0420 \u0425\u0410\u041b\u041e\u0421 \u0441\u0431\u044b\u043b\u0441\u044f \u2013 \u043c\u0435\u0447\u0442\u0430 \u0432\u0441\u0435\u0439 \u0441\u0435\u043c\u044c\u0438 \u0432\u044b\u0440\u043e\u0441\u043b\u0430 \u0432 \u0443\u044e\u0442\u043d\u044b\u0439 \u0446\u0435\u043d\u0442\u0440, \u0433\u0434\u0435 \u0437\u0434\u043e\u0440\u043e\u0432\u044c\u0435 \u0438 \u0438\u0433\u0440\u0430 \u0438\u0434\u0443\u0442 \u0440\u0443\u043a\u0430 \u043e\u0431 \u0440\u0443\u043a\u0443.<\/p>\t\t\t\t\t\t\t\t<\/div>\n\t\t\t\t<\/div>\n\t\t\t\t<\/div>\n\t\t\t\t\t<\/div>\n\t\t\t\t<\/div>\n\t\t<div class=\"elementor-element elementor-element-b29af71 e-flex e-con-boxed e-con e-parent\" data-id=\"b29af71\" data-element_type=\"container\" data-e-type=\"container\">\n\t\t\t\t\t<div class=\"e-con-inner\">\n\t\t<div class=\"elementor-element elementor-element-2bbe3ec e-con-full e-flex e-con e-child\" data-id=\"2bbe3ec\" data-element_type=\"container\" data-e-type=\"container\">\n\t\t\t\t<div class=\"elementor-element elementor-element-9127bbc exad-sticky-section-no exad-glass-effect-no elementor-widget elementor-widget-heading\" data-id=\"9127bbc\" data-element_type=\"widget\" data-e-type=\"widget\" data-widget_type=\"heading.default\">\n\t\t\t\t<div class=\"elementor-widget-container\">\n\t\t\t\t\t<h2 class=\"elementor-heading-title elementor-size-default\">\u041d\u0430\u0442\u0430\u043b\u044c\u044f \u0410\u043b\u044e\u043a\u043e\u0432\u0430<\/h2>\t\t\t\t<\/div>\n\t\t\t\t<\/div>\n\t\t\t\t<div class=\"elementor-element elementor-element-8bca742 exad-sticky-section-no exad-glass-effect-no elementor-widget elementor-widget-heading\" data-id=\"8bca742\" data-element_type=\"widget\" data-e-type=\"widget\" data-widget_type=\"heading.default\">\n\t\t\t\t<div class=\"elementor-widget-container\">\n\t\t\t\t\t<p class=\"elementor-heading-title elementor-size-default\">\u043e\u0441\u043d\u043e\u0432\u0430\u0442\u0435\u043b\u044c<\/p>\t\t\t\t<\/div>\n\t\t\t\t<\/div>\n\t\t\t\t<div class=\"elementor-element elementor-element-1edf1b6 exad-sticky-section-no exad-glass-effect-no elementor-widget elementor-widget-text-editor\" data-id=\"1edf1b6\" data-element_type=\"widget\" data-e-type=\"widget\" data-widget_type=\"text-editor.default\">\n\t\t\t\t<div class=\"elementor-widget-container\">\n\t\t\t\t\t\t\t\t\t<p>\u041d\u0430\u0442\u0430\u043b\u044c\u044f \u2014 \u043f\u043e\u0434\u0440\u0443\u0433\u0430 \u041a\u0430\u0439\u0440\u0438 \u0438 \u043c\u0430\u0442\u044c \u0434\u0432\u043e\u0438\u0445 \u0434\u0435\u0442\u0435\u0439. \u041d\u0430\u0442\u0430\u043b\u044c\u044f \u0442\u0430\u043a\u0436\u0435 \u043f\u043e\u0434\u0432\u0435\u0440\u0433\u043b\u0430\u0441\u044c \u0432\u043e\u0437\u0434\u0435\u0439\u0441\u0442\u0432\u0438\u044e \u0441\u043e\u043b\u044f\u043d\u043e\u0439 \u043a\u0430\u043c\u0435\u0440\u044b. \u0412 \u0434\u0435\u0442\u0441\u043a\u043e\u0439 \u0435\u0435 \u0440\u0435\u0431\u0435\u043d\u043a\u0430 \u0431\u044b\u043b\u0430 \u043d\u0435\u0431\u043e\u043b\u044c\u0448\u0430\u044f \u0441\u043e\u043b\u044f\u043d\u0430\u044f \u043a\u0430\u043c\u0435\u0440\u0430, \u0438 \u043e\u043d\u0430 \u0443\u0436\u0435 \u0437\u0430\u043c\u0435\u0442\u0438\u043b\u0430, \u0447\u0442\u043e \u0432\u0438\u0440\u0443\u0441\u043d\u044b\u0435 \u0438 \u043f\u0440\u043e\u0441\u0442\u0443\u0434\u043d\u044b\u0435 \u0437\u0430\u0431\u043e\u043b\u0435\u0432\u0430\u043d\u0438\u044f \u0443 \u0434\u043e\u0447\u0435\u0440\u0438 \u0441\u0442\u0430\u043b\u0438 \u043d\u0435 \u0442\u0430\u043a\u0438\u043c\u0438 \u0447\u0430\u0441\u0442\u044b\u043c\u0438.<\/p><p>\u0418\u0434\u0435\u044f \u041a\u0430\u0439\u0440\u0438 \u0441\u043e\u0437\u0434\u0430\u0442\u044c \u0446\u0435\u043d\u0442\u0440 \u0441\u043e\u043b\u044f\u043d\u044b\u0445 \u043a\u0430\u043c\u0435\u0440 \u0432 \u042d\u0441\u0442\u043e\u043d\u0438\u0438 \u043f\u0440\u0438\u0448\u043b\u0430 \u0432 \u0433\u043e\u043b\u043e\u0432\u0443 \u041d\u0430\u0442\u0430\u043b\u044c\u0435. \u041f\u043e\u0441\u043a\u043e\u043b\u044c\u043a\u0443 \u041d\u0430\u0442\u0430\u043b\u044c\u044f \u0440\u0430\u043d\u0435\u0435 \u0431\u044b\u043b\u0430 \u0441\u0432\u044f\u0437\u0430\u043d\u0430 \u0441 \u0441\u043e\u0437\u0434\u0430\u043d\u0438\u0435\u043c \u0434\u0435\u0442\u0441\u043a\u043e\u0433\u043e \u0440\u0430\u0437\u0432\u0438\u0432\u0430\u044e\u0449\u0435\u0433\u043e \u0446\u0435\u043d\u0442\u0440\u0430, \u043e\u043d\u0430 \u0443\u0432\u0438\u0434\u0435\u043b\u0430 \u0432\u043e\u0437\u043c\u043e\u0436\u043d\u043e\u0441\u0442\u044c \u043f\u0440\u0435\u0434\u043b\u043e\u0436\u0438\u0442\u044c \u0447\u0442\u043e-\u0442\u043e \u043d\u043e\u0432\u043e\u0435 \u0438 \u0438\u043d\u0442\u0435\u0440\u0435\u0441\u043d\u043e\u0435 \u043a\u0430\u043a \u0434\u0435\u0442\u044f\u043c, \u0442\u0430\u043a \u0438 \u0440\u043e\u0434\u0438\u0442\u0435\u043b\u044f\u043c.<\/p><p>\u041f\u043e\u0441\u043b\u0435 \u043f\u0440\u043e\u0447\u0442\u0435\u043d\u0438\u044f \u0431\u0438\u0437\u043d\u0435\u0441-\u043f\u043b\u0430\u043d\u0430 \u043d\u0430\u0447\u0430\u043b\u0430\u0441\u044c \u0441\u043e\u0432\u043c\u0435\u0441\u0442\u043d\u0430\u044f \u0440\u0430\u0431\u043e\u0442\u0430 \u043d\u0430\u0434 \u0440\u0430\u0437\u0440\u0430\u0431\u043e\u0442\u043a\u043e\u0439 \u043a\u043e\u043d\u0446\u0435\u043f\u0446\u0438\u0438 \u0446\u0435\u043d\u0442\u0440\u0430. \u041f\u043e\u0441\u043a\u043e\u043b\u044c\u043a\u0443 \u043f\u043e\u0442\u0440\u0435\u0431\u043d\u043e\u0441\u0442\u0438 \u0438\u0445 \u0441\u043e\u0431\u0441\u0442\u0432\u0435\u043d\u043d\u044b\u0445 \u0434\u0435\u0442\u0435\u0439 \u0431\u044b\u043b\u0438 \u0440\u0430\u0437\u043d\u044b\u043c\u0438, \u044d\u0442\u043e \u043f\u043e\u043c\u043e\u0433\u043b\u043e \u0441\u043e\u0437\u0434\u0430\u0442\u044c \u0440\u0430\u0437\u043d\u043e\u043e\u0431\u0440\u0430\u0437\u043d\u0443\u044e \u0438 \u0433\u0438\u0431\u043a\u0443\u044e \u0441\u0440\u0435\u0434\u0443, \u043e\u0442\u0432\u0435\u0447\u0430\u044e\u0449\u0443\u044e \u043e\u0436\u0438\u0434\u0430\u043d\u0438\u044f\u043c \u043a\u0430\u043a \u0434\u0435\u0442\u0435\u0439, \u0442\u0430\u043a \u0438 \u0440\u043e\u0434\u0438\u0442\u0435\u043b\u0435\u0439.<\/p><p>\u0422\u0430\u043a \u0440\u043e\u0434\u0438\u043b\u0441\u044f Halo \u2014 \u043c\u0435\u0441\u0442\u043e, \u0433\u0434\u0435 \u0434\u0435\u0442\u0438 \u043c\u043e\u0433\u0443\u0442 \u0438\u0433\u0440\u0430\u0442\u044c \u0438 \u0443\u0447\u0438\u0442\u044c\u0441\u044f, \u0430 \u0440\u043e\u0434\u0438\u0442\u0435\u043b\u0438 \u043c\u043e\u0433\u0443\u0442 \u043d\u0430\u0441\u043b\u0430\u0436\u0434\u0430\u0442\u044c\u0441\u044f \u043c\u043e\u043c\u0435\u043d\u0442\u0430\u043c\u0438 \u043f\u043e\u043a\u043e\u044f, \u0437\u043d\u0430\u044f, \u0447\u0442\u043e \u043e\u0431\u043e \u0432\u0441\u0435\u0445 \u0437\u0430\u0431\u043e\u0442\u044f\u0442\u0441\u044f \u0438 \u043f\u0440\u0438\u0432\u0435\u0442\u0441\u0442\u0432\u0443\u044e\u0442!<\/p>\t\t\t\t\t\t\t\t<\/div>\n\t\t\t\t<\/div>\n\t\t\t\t<\/div>\n\t\t<div class=\"elementor-element elementor-element-5597eb9 e-con-full e-flex e-con e-child\" data-id=\"5597eb9\" data-element_type=\"container\" data-e-type=\"container\">\n\t\t\t\t<div class=\"elementor-element elementor-element-aa8a298 exad-sticky-section-no exad-glass-effect-no elementor-widget elementor-widget-image\" data-id=\"aa8a298\" data-element_type=\"widget\" data-e-type=\"widget\" data-widget_type=\"image.default\">\n\t\t\t\t<div class=\"elementor-widget-container\">\n\t\t\t\t\t\t\t\t\t\t\t\t\t\t\t<img decoding=\"async\" width=\"819\" height=\"1024\" src=\"https:\/\/halos.ee\/wp-content\/uploads\/2025\/03\/Natalja-Aljukova-819x1024.png\" class=\"attachment-large size-large wp-image-9022\" alt=\"Natalja Aljukova - Halos laste heaolu- ja soolakeskuse asutaja\" srcset=\"https:\/\/halos.ee\/wp-content\/uploads\/2025\/03\/Natalja-Aljukova-819x1024.png 819w, https:\/\/halos.ee\/wp-content\/uploads\/2025\/03\/Natalja-Aljukova-240x300.png 240w, https:\/\/halos.ee\/wp-content\/uploads\/2025\/03\/Natalja-Aljukova-768x960.png 768w, https:\/\/halos.ee\/wp-content\/uploads\/2025\/03\/Natalja-Aljukova.png 1200w\" sizes=\"(max-width: 819px) 100vw, 819px\" \/>\t\t\t\t\t\t\t\t\t\t\t\t\t\t\t<\/div>\n\t\t\t\t<\/div>\n\t\t\t\t<\/div>\n\t\t\t\t\t<\/div>\n\t\t\t\t<\/div>\n\t\t<div class=\"elementor-element elementor-element-6cb5db7 e-flex e-con-boxed e-con e-parent\" data-id=\"6cb5db7\" data-element_type=\"container\" data-e-type=\"container\" data-settings=\"{&quot;background_background&quot;:&quot;classic&quot;}\">\n\t\t\t\t\t<div class=\"e-con-inner\">\n\t\t<div class=\"elementor-element elementor-element-a0523a7 e-con-full e-flex e-con e-child\" data-id=\"a0523a7\" data-element_type=\"container\" data-e-type=\"container\" data-settings=\"{&quot;background_background&quot;:&quot;classic&quot;}\">\n\t\t\t\t<div class=\"elementor-element elementor-element-ef86044 exad-sticky-section-no exad-glass-effect-no elementor-widget elementor-widget-heading\" data-id=\"ef86044\" data-element_type=\"widget\" data-e-type=\"widget\" data-widget_type=\"heading.default\">\n\t\t\t\t<div class=\"elementor-widget-container\">\n\t\t\t\t\t<h2 class=\"elementor-heading-title elementor-size-default\">\u041f\u0440\u0438\u0445\u043e\u0434\u0438\u0442\u0435 \u0438 \u0438\u0433\u0440\u0430\u0439\u0442\u0435 \u0432 \u0441\u043e\u043b\u044f\u043d\u043e\u0439 \u043a\u0430\u043c\u0435\u0440\u0435 Halos!\n<\/h2>\t\t\t\t<\/div>\n\t\t\t\t<\/div>\n\t\t\t\t<div class=\"elementor-element elementor-element-58272a2 exad-sticky-section-no exad-glass-effect-no elementor-widget elementor-widget-text-editor\" data-id=\"58272a2\" data-element_type=\"widget\" data-e-type=\"widget\" data-widget_type=\"text-editor.default\">\n\t\t\t\t<div class=\"elementor-widget-container\">\n\t\t\t\t\t\t\t\t\t<p>\u0416\u0434\u0435\u043c \u0432\u0430\u0441 \u0441 \u0441\u0435\u043c\u044c\u0435\u0439 \u0438 \u0434\u0440\u0443\u0437\u044c\u044f\u043c\u0438 \u0432 \u043d\u0430\u0448\u0435\u0439 \u0441\u043e\u043b\u044f\u043d\u043e\u0439 \u043a\u0430\u043c\u0435\u0440\u0435 HALOS, \u0433\u0434\u0435 \u0440\u0430\u0434\u043e\u0441\u0442\u044c \u0438 \u043f\u0440\u0438\u043a\u043b\u044e\u0447\u0435\u043d\u0438\u044f \u043d\u0438\u043a\u043e\u0433\u0434\u0430 \u043d\u0435 \u0437\u0430\u043a\u043e\u043d\u0447\u0430\u0442\u0441\u044f. \u0417\u0430\u0431\u0440\u043e\u043d\u0438\u0440\u0443\u0439\u0442\u0435 \u0438\u0433\u0440\u043e\u0432\u043e\u0435 \u0432\u0440\u0435\u043c\u044f \u0443\u0436\u0435 \u0441\u0435\u0433\u043e\u0434\u043d\u044f!<\/p>\t\t\t\t\t\t\t\t<\/div>\n\t\t\t\t<\/div>\n\t\t\t\t<div class=\"elementor-element elementor-element-f39e7b4 exad-sticky-section-no exad-glass-effect-no elementor-widget elementor-widget-exad-exclusive-button\" data-id=\"f39e7b4\" data-element_type=\"widget\" data-e-type=\"widget\" data-widget_type=\"exad-exclusive-button.default\">\n\t\t\t\t<div class=\"elementor-widget-container\">\n\t\t\t\t\t\r\n\t\t<div class=\"exad-button-wrapper effect-3 exad-button-incon-before-text exad-button-fixed-height-\">\r\n\r\n\t\t\t\r\n\t\t\t<a href=\"https:\/\/halos.ee\/rus\/soolakambri-broneerimine\/\" class=\"exad-button-action\">\r\n\t\t\t\t<span>\u0417\u0430\u0431\u0440\u043e\u043d\u0438\u0440\u043e\u0432\u0430\u0442\u044c<\/span>\t\t\t<\/a>\r\n\r\n\t\t\t\t\t<\/div>\r\n\t\t\t\t\t\t<\/div>\n\t\t\t\t<\/div>\n\t\t\t\t<\/div>\n\t\t\t\t\t<\/div>\n\t\t\t\t<\/div>\n\t\t\t\t<\/div>","protected":false},"excerpt":{"rendered":"<p>Kuidas s\u00fcndis Halos soolakeskus? Kairi Org asutaja Soolakambri rajamise idee s\u00fcndis meie enda pere vajadusest. Nimelt oli minu t\u00fctar esimestel [&hellip;]<\/p>\n","protected":false},"author":1,"featured_media":0,"parent":0,"menu_order":0,"comment_status":"closed","ping_status":"closed","template":"","meta":{"site-sidebar-layout":"no-sidebar","site-content-layout":"page-builder","ast-site-content-layout":"full-width-container","site-content-style":"unboxed","site-sidebar-style":"unboxed","ast-global-header-display":"","ast-banner-title-visibility":"","ast-main-header-display":"","ast-hfb-above-header-display":"","ast-hfb-below-header-display":"","ast-hfb-mobile-header-display":"","site-post-title":"disabled","ast-breadcrumbs-content":"disabled","ast-featured-img":"disabled","footer-sml-layout":"","theme-transparent-header-meta":"default","adv-header-id-meta":"","stick-header-meta":"","header-above-stick-meta":"","header-main-stick-meta":"","header-below-stick-meta":"","astra-migrate-meta-layouts":"set","ast-page-background-enabled":"default","ast-page-background-meta":{"desktop":{"background-color":"","background-image":"","background-repeat":"repeat","background-position":"center center","background-size":"auto","background-attachment":"scroll","background-type":"","background-media":"","overlay-type":"","overlay-color":"","overlay-opacity":"","overlay-gradient":""},"tablet":{"background-color":"","background-image":"","background-repeat":"repeat","background-position":"center center","background-size":"auto","background-attachment":"scroll","background-type":"","background-media":"","overlay-type":"","overlay-color":"","overlay-opacity":"","overlay-gradient":""},"mobile":{"background-color":"","background-image":"","background-repeat":"repeat","background-position":"center center","background-size":"auto","background-attachment":"scroll","background-type":"","background-media":"","overlay-type":"","overlay-color":"","overlay-opacity":"","overlay-gradient":""}},"ast-content-background-meta":{"desktop":{"background-color":"var(--ast-global-color-5)","background-image":"","background-repeat":"repeat","background-position":"center center","background-size":"auto","background-attachment":"scroll","background-type":"","background-media":"","overlay-type":"","overlay-color":"","overlay-opacity":"","overlay-gradient":""},"tablet":{"background-color":"var(--ast-global-color-5)","background-image":"","background-repeat":"repeat","background-position":"center center","background-size":"auto","background-attachment":"scroll","background-type":"","background-media":"","overlay-type":"","overlay-color":"","overlay-opacity":"","overlay-gradient":""},"mobile":{"background-color":"var(--ast-global-color-5)","background-image":"","background-repeat":"repeat","background-position":"center center","background-size":"auto","background-attachment":"scroll","background-type":"","background-media":"","overlay-type":"","overlay-color":"","overlay-opacity":"","overlay-gradient":""}},"footnotes":""},"class_list":["post-8790","page","type-page","status-publish","hentry"],"_links":{"self":[{"href":"https:\/\/halos.ee\/rus\/wp-json\/wp\/v2\/pages\/8790","targetHints":{"allow":["GET"]}}],"collection":[{"href":"https:\/\/halos.ee\/rus\/wp-json\/wp\/v2\/pages"}],"about":[{"href":"https:\/\/halos.ee\/rus\/wp-json\/wp\/v2\/types\/page"}],"author":[{"embeddable":true,"href":"https:\/\/halos.ee\/rus\/wp-json\/wp\/v2\/users\/1"}],"replies":[{"embeddable":true,"href":"https:\/\/halos.ee\/rus\/wp-json\/wp\/v2\/comments?post=8790"}],"version-history":[{"count":50,"href":"https:\/\/halos.ee\/rus\/wp-json\/wp\/v2\/pages\/8790\/revisions"}],"predecessor-version":[{"id":20471,"href":"https:\/\/halos.ee\/rus\/wp-json\/wp\/v2\/pages\/8790\/revisions\/20471"}],"wp:attachment":[{"href":"https:\/\/halos.ee\/rus\/wp-json\/wp\/v2\/media?parent=8790"}],"curies":[{"name":"wp","href":"https:\/\/api.w.org\/{rel}","templated":true}]}}