{"id":9289,"date":"2025-03-18T16:49:43","date_gmt":"2025-03-18T14:49:43","guid":{"rendered":"https:\/\/halos.ee\/?page_id=9289"},"modified":"2026-02-01T11:52:09","modified_gmt":"2026-02-01T09:52:09","slug":"mangutuba","status":"publish","type":"page","link":"https:\/\/halos.ee\/rus\/mangutuba\/","title":{"rendered":"\u0418\u0433\u0440\u043e\u0432\u0430\u044f \u043a\u043e\u043c\u043d\u0430\u0442\u0430"},"content":{"rendered":"<div data-elementor-type=\"wp-page\" data-elementor-id=\"9289\" class=\"elementor elementor-9289\">\n\t\t\t\t<div class=\"elementor-element elementor-element-72a5068 e-flex e-con-boxed e-con e-parent\" data-id=\"72a5068\" data-element_type=\"container\" data-e-type=\"container\" data-settings=\"{&quot;background_background&quot;:&quot;classic&quot;}\">\n\t\t\t\t\t<div class=\"e-con-inner\">\n\t\t<div class=\"elementor-element elementor-element-a339cfa e-con-full e-flex e-con e-child\" data-id=\"a339cfa\" data-element_type=\"container\" data-e-type=\"container\" data-settings=\"{&quot;background_background&quot;:&quot;classic&quot;}\">\n\t\t\t\t<div class=\"elementor-element elementor-element-055701a exad-sticky-section-no exad-glass-effect-no elementor-widget elementor-widget-heading\" data-id=\"055701a\" data-element_type=\"widget\" data-e-type=\"widget\" data-widget_type=\"heading.default\">\n\t\t\t\t<div class=\"elementor-widget-container\">\n\t\t\t\t\t<h1 class=\"elementor-heading-title elementor-size-default\">\u0418\u0433\u0440\u043e\u0432\u0430\u044f \u043a\u043e\u043c\u043d\u0430\u0442\u0430 HALOS<\/h1>\t\t\t\t<\/div>\n\t\t\t\t<\/div>\n\t\t\t\t<\/div>\n\t\t\t\t\t<\/div>\n\t\t\t\t<\/div>\n\t\t<div class=\"elementor-element elementor-element-6fc6f78 e-flex e-con-boxed e-con e-parent\" data-id=\"6fc6f78\" data-element_type=\"container\" data-e-type=\"container\">\n\t\t\t\t\t<div class=\"e-con-inner\">\n\t\t<div class=\"elementor-element elementor-element-01ffe0d e-con-full e-flex e-con e-child\" data-id=\"01ffe0d\" data-element_type=\"container\" data-e-type=\"container\">\n\t\t\t\t<div class=\"elementor-element elementor-element-04f1aad exad-sticky-section-no exad-glass-effect-no elementor-widget elementor-widget-image\" data-id=\"04f1aad\" data-element_type=\"widget\" data-e-type=\"widget\" data-widget_type=\"image.default\">\n\t\t\t\t<div class=\"elementor-widget-container\">\n\t\t\t\t\t\t\t\t\t\t\t\t\t\t\t<img fetchpriority=\"high\" decoding=\"async\" width=\"683\" height=\"1024\" src=\"https:\/\/halos.ee\/wp-content\/uploads\/2023\/09\/IMG_4554-683x1024.jpg\" class=\"attachment-large size-large wp-image-7519\" alt=\"M\u00e4ngutuba Halos laste heaolu- ja soolakeskuses\" srcset=\"https:\/\/halos.ee\/wp-content\/uploads\/2023\/09\/IMG_4554-683x1024.jpg 683w, https:\/\/halos.ee\/wp-content\/uploads\/2023\/09\/IMG_4554-200x300.jpg 200w, https:\/\/halos.ee\/wp-content\/uploads\/2023\/09\/IMG_4554-768x1152.jpg 768w, https:\/\/halos.ee\/wp-content\/uploads\/2023\/09\/IMG_4554.jpg 1000w\" sizes=\"(max-width: 683px) 100vw, 683px\" \/>\t\t\t\t\t\t\t\t\t\t\t\t\t\t\t<\/div>\n\t\t\t\t<\/div>\n\t\t\t\t<\/div>\n\t\t<div class=\"elementor-element elementor-element-d1f0672 e-con-full e-flex e-con e-child\" data-id=\"d1f0672\" data-element_type=\"container\" data-e-type=\"container\">\n\t\t\t\t<div class=\"elementor-element elementor-element-0837242 exad-sticky-section-no exad-glass-effect-no elementor-widget elementor-widget-heading\" data-id=\"0837242\" data-element_type=\"widget\" data-e-type=\"widget\" data-widget_type=\"heading.default\">\n\t\t\t\t<div class=\"elementor-widget-container\">\n\t\t\t\t\t<h2 class=\"elementor-heading-title elementor-size-default\">\u0412 Halos \u0442\u0430\u043a\u0436\u0435 \u043e\u0442\u043a\u0440\u044b\u0442\u0430 \u0438\u0433\u0440\u043e\u0432\u0430\u044f \u043a\u043e\u043c\u043d\u0430\u0442\u0430, \u0433\u0434\u0435 \u0434\u0435\u0442\u0438 \u043c\u043e\u0433\u0443\u0442 \u0432\u0435\u0441\u0435\u043b\u043e \u043f\u0440\u043e\u0432\u0435\u0441\u0442\u0438 \u0432\u0440\u0435\u043c\u044f.<\/h2>\t\t\t\t<\/div>\n\t\t\t\t<\/div>\n\t\t\t\t<div class=\"elementor-element elementor-element-db740ee exad-sticky-section-no exad-glass-effect-no elementor-widget elementor-widget-text-editor\" data-id=\"db740ee\" data-element_type=\"widget\" data-e-type=\"widget\" data-widget_type=\"text-editor.default\">\n\t\t\t\t<div class=\"elementor-widget-container\">\n\t\t\t\t\t\t\t\t\t<p>\u0418\u0433\u0440\u043e\u0432\u0430\u044f \u043a\u043e\u043c\u043d\u0430\u0442\u0430 Halos \u2014 \u0438\u0434\u0435\u0430\u043b\u044c\u043d\u043e\u0435 \u043c\u0435\u0441\u0442\u043e \u0434\u043b\u044f \u043c\u0430\u043b\u0435\u043d\u044c\u043a\u0438\u0445 \u0438\u0441\u0441\u043b\u0435\u0434\u043e\u0432\u0430\u0442\u0435\u043b\u0435\u0439!<\/p>\t\t\t\t\t\t\t\t<\/div>\n\t\t\t\t<\/div>\n\t\t\t\t<div class=\"elementor-element elementor-element-e8e1c4b elementor-icon-list--layout-traditional elementor-list-item-link-full_width exad-sticky-section-no exad-glass-effect-no elementor-widget elementor-widget-icon-list\" data-id=\"e8e1c4b\" data-element_type=\"widget\" data-e-type=\"widget\" data-widget_type=\"icon-list.default\">\n\t\t\t\t<div class=\"elementor-widget-container\">\n\t\t\t\t\t\t\t<ul class=\"elementor-icon-list-items\">\n\t\t\t\t\t\t\t<li class=\"elementor-icon-list-item\">\n\t\t\t\t\t\t\t\t\t\t\t<span class=\"elementor-icon-list-icon\">\n\t\t\t\t\t\t\t<i aria-hidden=\"true\" class=\"far fa-heart\"><\/i>\t\t\t\t\t\t<\/span>\n\t\t\t\t\t\t\t\t\t\t<span class=\"elementor-icon-list-text\">\u041f\u043e\u0441\u0435\u0442\u0438\u0442\u0435\u043b\u044c \u0441\u043e\u043b\u044f\u043d\u043e\u0439 \u043a\u0430\u043c\u0435\u0440\u044b \u2013 \u0431\u0435\u0441\u043f\u043b\u0430\u0442\u043d\u043e.<\/span>\n\t\t\t\t\t\t\t\t\t<\/li>\n\t\t\t\t\t\t\t\t<li class=\"elementor-icon-list-item\">\n\t\t\t\t\t\t\t\t\t\t\t<span class=\"elementor-icon-list-icon\">\n\t\t\t\t\t\t\t<i aria-hidden=\"true\" class=\"far fa-heart\"><\/i>\t\t\t\t\t\t<\/span>\n\t\t\t\t\t\t\t\t\t\t<span class=\"elementor-icon-list-text\">\u0413\u043e\u0441\u0442\u044c - 7\u20ac\/\u0440\u0435\u0431\u0435\u043d\u043e\u043a (2 \u0447\u0430\u0441\u0430)<\/span>\n\t\t\t\t\t\t\t\t\t<\/li>\n\t\t\t\t\t\t<\/ul>\n\t\t\t\t\t\t<\/div>\n\t\t\t\t<\/div>\n\t\t\t\t<div class=\"elementor-element elementor-element-7f9d075 exad-sticky-section-no exad-glass-effect-no elementor-widget elementor-widget-text-editor\" data-id=\"7f9d075\" data-element_type=\"widget\" data-e-type=\"widget\" data-widget_type=\"text-editor.default\">\n\t\t\t\t<div class=\"elementor-widget-container\">\n\t\t\t\t\t\t\t\t\t<p>\u041f\u0440\u0435\u0431\u044b\u0432\u0430\u043d\u0438\u0435 \u0432 \u0438\u0433\u0440\u043e\u0432\u043e\u0439 \u043a\u043e\u043c\u043d\u0430\u0442\u0435 \u0434\u043b\u044f \u043f\u043e\u0441\u0435\u0442\u0438\u0442\u0435\u043b\u0435\u0439 \u0441\u043e\u043b\u044f\u043d\u043e\u0439 \u043a\u0430\u043c\u0435\u0440\u044b \u0431\u0435\u0441\u043f\u043b\u0430\u0442\u043d\u043e\u0435 \u0438 \u0432\u043a\u043b\u044e\u0447\u0435\u043d\u043e \u0432 \u0441\u0442\u043e\u0438\u043c\u043e\u0441\u0442\u044c \u043f\u043e\u0441\u0435\u0449\u0435\u043d\u0438\u044f.<\/p><p>\u0412 \u0438\u0433\u0440\u043e\u0432\u043e\u0439 \u043a\u043e\u043c\u043d\u0430\u0442\u0435 \u0442\u0430\u043a\u0436\u0435 \u0440\u0430\u0434\u044b \u0434\u0435\u0442\u044f\u043c, \u043a\u043e\u0442\u043e\u0440\u044b\u0435 \u043d\u0435 \u043f\u043e\u043b\u044c\u0437\u0443\u044e\u0442\u0441\u044f \u0443\u0441\u043b\u0443\u0433\u0430\u043c\u0438 \u043d\u0430\u0448\u0435\u0433\u043e \u0446\u0435\u043d\u0442\u0440\u0430, \u043d\u043e \u0432\u0441\u0435 \u0436\u0435 \u0445\u043e\u0442\u044f\u0442 \u0440\u0430\u0437\u0432\u043b\u0435\u0447\u044c\u0441\u044f.<\/p>\t\t\t\t\t\t\t\t<\/div>\n\t\t\t\t<\/div>\n\t\t\t\t<div class=\"elementor-element elementor-element-99d1a1e exad-sticky-section-no exad-glass-effect-no elementor-widget elementor-widget-exad-exclusive-button\" data-id=\"99d1a1e\" data-element_type=\"widget\" data-e-type=\"widget\" data-widget_type=\"exad-exclusive-button.default\">\n\t\t\t\t<div class=\"elementor-widget-container\">\n\t\t\t\t\t\r\n\t\t<div class=\"exad-button-wrapper effect-3 exad-button-incon-before-text exad-button-fixed-height-\">\r\n\r\n\t\t\t\r\n\t\t\t<a href=\"https:\/\/halos.ee\/rus\/product\/mangutuba\/\" class=\"exad-button-action\">\r\n\t\t\t\t<span>\u0417\u0430\u0431\u0440\u043e\u043d\u0438\u0440\u043e\u0432\u0430\u0442\u044c<\/span>\t\t\t<\/a>\r\n\r\n\t\t\t\t\t<\/div>\r\n\t\t\t\t\t\t<\/div>\n\t\t\t\t<\/div>\n\t\t\t\t<\/div>\n\t\t\t\t\t<\/div>\n\t\t\t\t<\/div>\n\t\t<div class=\"elementor-element elementor-element-4a81fb8 e-flex e-con-boxed e-con e-parent\" data-id=\"4a81fb8\" data-element_type=\"container\" data-e-type=\"container\">\n\t\t\t\t\t<div class=\"e-con-inner\">\n\t\t<div class=\"elementor-element elementor-element-b8bb952 e-con-full e-flex e-con e-child\" data-id=\"b8bb952\" data-element_type=\"container\" data-e-type=\"container\">\n\t\t\t\t<div class=\"elementor-element elementor-element-13e608e exad-sticky-section-no exad-glass-effect-no elementor-widget elementor-widget-heading\" data-id=\"13e608e\" data-element_type=\"widget\" data-e-type=\"widget\" data-widget_type=\"heading.default\">\n\t\t\t\t<div class=\"elementor-widget-container\">\n\t\t\t\t\t<h2 class=\"elementor-heading-title elementor-size-default\">\u041d\u0430\u0448\u0438 \u043f\u0440\u0430\u0432\u0438\u043b\u0430 \u0438\u0433\u0440\u044b<\/h2>\t\t\t\t<\/div>\n\t\t\t\t<\/div>\n\t\t\t\t<div class=\"elementor-element elementor-element-d733ccc exad-sticky-section-no exad-glass-effect-no elementor-widget elementor-widget-text-editor\" data-id=\"d733ccc\" data-element_type=\"widget\" data-e-type=\"widget\" data-widget_type=\"text-editor.default\">\n\t\t\t\t<div class=\"elementor-widget-container\">\n\t\t\t\t\t\t\t\t\t<p>\u041d\u0430\u0448\u0435 \u0441\u0430\u043c\u043e\u0435 \u0431\u043e\u043b\u044c\u0448\u043e\u0435 \u0436\u0435\u043b\u0430\u043d\u0438\u0435 \u2013 \u043e\u0431\u0435\u0441\u043f\u0435\u0447\u0438\u0442\u044c \u0434\u0435\u0442\u044f\u043c \u0431\u043b\u0430\u0433\u043e\u043f\u043e\u043b\u0443\u0447\u0438\u0435 \u0438 \u0431\u0435\u0437\u043e\u043f\u0430\u0441\u043d\u043e\u0441\u0442\u044c. \u041d\u043e \u0434\u043b\u044f \u044d\u0442\u043e\u0433\u043e \u043d\u0430\u043c \u043f\u043e\u043d\u0430\u0434\u043e\u0431\u0438\u0442\u0441\u044f \u0442\u0432\u043e\u044f \u043f\u043e\u043c\u043e\u0449\u044c, \u0434\u043e\u0440\u043e\u0433\u043e\u0439 \u0432\u0437\u0440\u043e\u0441\u043b\u044b\u0439 \u0441\u043e\u043f\u0440\u043e\u0432\u043e\u0436\u0434\u0430\u044e\u0449\u0438\u0439. \u0422\u044b \u043d\u0435\u0441\u0451\u0448\u044c \u043e\u0442\u0432\u0435\u0442\u0441\u0442\u0432\u0435\u043d\u043d\u043e\u0441\u0442\u044c, \u0430 \u043c\u044b \u0432\u0441\u0435\u0433\u0434\u0430 \u0440\u044f\u0434\u043e\u043c, \u0447\u0442\u043e\u0431\u044b \u043f\u043e\u0434\u0434\u0435\u0440\u0436\u0430\u0442\u044c.\u00a0<\/p>\t\t\t\t\t\t\t\t<\/div>\n\t\t\t\t<\/div>\n\t\t\t\t<div class=\"elementor-element elementor-element-6e7e4a7 elementor-icon-list--layout-traditional elementor-list-item-link-full_width exad-sticky-section-no exad-glass-effect-no elementor-widget elementor-widget-icon-list\" data-id=\"6e7e4a7\" data-element_type=\"widget\" data-e-type=\"widget\" data-widget_type=\"icon-list.default\">\n\t\t\t\t<div class=\"elementor-widget-container\">\n\t\t\t\t\t\t\t<ul class=\"elementor-icon-list-items\">\n\t\t\t\t\t\t\t<li class=\"elementor-icon-list-item\">\n\t\t\t\t\t\t\t\t\t\t\t<span class=\"elementor-icon-list-icon\">\n\t\t\t\t\t\t\t<i aria-hidden=\"true\" class=\"fas fa-chevron-right\"><\/i>\t\t\t\t\t\t<\/span>\n\t\t\t\t\t\t\t\t\t\t<span class=\"elementor-icon-list-text\">\u0422\u044b, \u043a\u043e\u043d\u0435\u0447\u043d\u043e, \u0443\u0436\u0435 \u0437\u043d\u0430\u0435\u0448\u044c \u044d\u0442\u043e, \u043d\u043e \u043d\u0430\u043f\u043e\u043c\u043d\u0438\u043c: \u043c\u0430\u043b\u044b\u0448\u0438 \u043c\u043b\u0430\u0434\u0448\u0435 7 \u043b\u0435\u0442 \u043d\u0443\u0436\u0434\u0430\u044e\u0442\u0441\u044f \u0432 \u043f\u043e\u043c\u043e\u0449\u0438 \u0438 \u0432\u043d\u0438\u043c\u0430\u043d\u0438\u0438 \u0441\u043e\u043f\u0440\u043e\u0432\u043e\u0436\u0434\u0430\u044e\u0449\u0435\u0433\u043e.<\/span>\n\t\t\t\t\t\t\t\t\t<\/li>\n\t\t\t\t\t\t\t\t<li class=\"elementor-icon-list-item\">\n\t\t\t\t\t\t\t\t\t\t\t<span class=\"elementor-icon-list-icon\">\n\t\t\t\t\t\t\t<i aria-hidden=\"true\" class=\"fas fa-chevron-right\"><\/i>\t\t\t\t\t\t<\/span>\n\t\t\t\t\t\t\t\t\t\t<span class=\"elementor-icon-list-text\">\u0412\u043e \u0432\u0440\u0435\u043c\u044f \u043f\u043e\u0441\u0435\u0449\u0435\u043d\u0438\u044f Halos \u043f\u0440\u043e\u0441\u0438\u043c \u0432\u0437\u044f\u0442\u044c \u0441 \u0441\u043e\u0431\u043e\u0439 \u0441\u043c\u0435\u043d\u043d\u0443\u044e \u043e\u0431\u0443\u0432\u044c \u0438\u043b\u0438 \u043d\u0430\u0441\u043b\u0430\u0436\u0434\u0430\u0442\u044c\u0441\u044f \u043f\u0440\u0435\u0431\u044b\u0432\u0430\u043d\u0438\u0435\u043c \u0432 \u043d\u043e\u0441\u043e\u0447\u043a\u0430\u0445.<\/span>\n\t\t\t\t\t\t\t\t\t<\/li>\n\t\t\t\t\t\t\t\t<li class=\"elementor-icon-list-item\">\n\t\t\t\t\t\t\t\t\t\t\t<span class=\"elementor-icon-list-icon\">\n\t\t\t\t\t\t\t<i aria-hidden=\"true\" class=\"fas fa-chevron-right\"><\/i>\t\t\t\t\t\t<\/span>\n\t\t\t\t\t\t\t\t\t\t<span class=\"elementor-icon-list-text\">\u041f\u0440\u043e\u0441\u0438\u043c \u043d\u0435 \u043f\u0440\u0438\u043d\u043e\u0441\u0438\u0442\u044c \u0435\u0434\u0443 \u0438 \u043d\u0430\u043f\u0438\u0442\u043a\u0438 \u0432 \u043f\u043e\u043c\u0435\u0449\u0435\u043d\u0438\u044f Halos.<\/span>\n\t\t\t\t\t\t\t\t\t<\/li>\n\t\t\t\t\t\t\t\t<li class=\"elementor-icon-list-item\">\n\t\t\t\t\t\t\t\t\t\t\t<span class=\"elementor-icon-list-icon\">\n\t\t\t\t\t\t\t<i aria-hidden=\"true\" class=\"fas fa-chevron-right\"><\/i>\t\t\t\t\t\t<\/span>\n\t\t\t\t\t\t\t\t\t\t<span class=\"elementor-icon-list-text\">\u042f \u0432\u0435\u0436\u043b\u0438\u0432(\u0430) \u0438 \u0441 \u0440\u0430\u0434\u043e\u0441\u0442\u044c\u044e \u0434\u0435\u043b\u044e\u0441\u044c \u0432\u0435\u0449\u0430\u043c\u0438 \u0441 \u0434\u0440\u0443\u0433\u0438\u043c\u0438.<\/span>\n\t\t\t\t\t\t\t\t\t<\/li>\n\t\t\t\t\t\t\t\t<li class=\"elementor-icon-list-item\">\n\t\t\t\t\t\t\t\t\t\t\t<span class=\"elementor-icon-list-icon\">\n\t\t\t\t\t\t\t<i aria-hidden=\"true\" class=\"fas fa-chevron-right\"><\/i>\t\t\t\t\t\t<\/span>\n\t\t\t\t\t\t\t\t\t\t<span class=\"elementor-icon-list-text\">\u042f \u043e\u0442\u043d\u043e\u0448\u0443\u0441\u044c \u043a \u0432\u0435\u0449\u0430\u043c \u0431\u0435\u0440\u0435\u0436\u043d\u043e \u0438 \u0438\u0433\u0440\u0430\u044e \u0441 \u043d\u0438\u043c\u0438 \u0442\u0430\u043a, \u0447\u0442\u043e\u0431\u044b \u043d\u0438\u0447\u0435\u0433\u043e \u043d\u0435 \u0441\u043b\u043e\u043c\u0430\u043b\u043e\u0441\u044c.<\/span>\n\t\t\t\t\t\t\t\t\t<\/li>\n\t\t\t\t\t\t\t\t<li class=\"elementor-icon-list-item\">\n\t\t\t\t\t\t\t\t\t\t\t<span class=\"elementor-icon-list-icon\">\n\t\t\t\t\t\t\t<i aria-hidden=\"true\" class=\"fas fa-chevron-right\"><\/i>\t\t\t\t\t\t<\/span>\n\t\t\t\t\t\t\t\t\t\t<span class=\"elementor-icon-list-text\">\u041f\u043e\u0441\u043b\u0435 \u0438\u0433\u0440\u044b \u044f \u0443\u0431\u0438\u0440\u0430\u044e \u0438\u0433\u0440\u0443\u0448\u043a\u0438 \u043d\u0430 \u043c\u0435\u0441\u0442\u043e. \u0421\u0442\u0430\u0440\u0448\u0438\u0435 \u043f\u043e\u043c\u043e\u0433\u0430\u044e\u0442 \u043c\u043b\u0430\u0434\u0448\u0438\u043c.<\/span>\n\t\t\t\t\t\t\t\t\t<\/li>\n\t\t\t\t\t\t<\/ul>\n\t\t\t\t\t\t<\/div>\n\t\t\t\t<\/div>\n\t\t\t\t<div class=\"elementor-element elementor-element-bfaee85 exad-sticky-section-no exad-glass-effect-no elementor-widget elementor-widget-text-editor\" data-id=\"bfaee85\" data-element_type=\"widget\" data-e-type=\"widget\" data-widget_type=\"text-editor.default\">\n\t\t\t\t<div class=\"elementor-widget-container\">\n\t\t\t\t\t\t\t\t\t<p>\u041f\u043e\u0441\u0435\u0449\u0430\u044f \u0446\u0435\u043d\u0442\u0440 Halose, \u0442\u044b \u0441\u043e\u0433\u043b\u0430\u0448\u0430\u0435\u0448\u044c\u0441\u044f \u0441\u043e \u0432\u0441\u0435\u043c\u0438 \u043f\u0440\u0430\u0432\u0438\u043b\u0430\u043c\u0438!<\/p>\t\t\t\t\t\t\t\t<\/div>\n\t\t\t\t<\/div>\n\t\t\t\t<\/div>\n\t\t<div class=\"elementor-element elementor-element-39e2a59 e-con-full e-flex e-con e-child\" data-id=\"39e2a59\" data-element_type=\"container\" data-e-type=\"container\">\n\t\t\t\t<div class=\"elementor-element elementor-element-9b11611 exad-sticky-section-no exad-glass-effect-no elementor-widget elementor-widget-image\" data-id=\"9b11611\" data-element_type=\"widget\" data-e-type=\"widget\" data-widget_type=\"image.default\">\n\t\t\t\t<div class=\"elementor-widget-container\">\n\t\t\t\t\t\t\t\t\t\t\t\t\t\t\t<img decoding=\"async\" width=\"683\" height=\"1024\" src=\"https:\/\/halos.ee\/wp-content\/uploads\/2023\/09\/IMG_4567-683x1024.jpg\" class=\"attachment-large size-large wp-image-7523\" alt=\"M\u00e4ngutuba Halos laste heaolu- ja soolakeskuses\" srcset=\"https:\/\/halos.ee\/wp-content\/uploads\/2023\/09\/IMG_4567-683x1024.jpg 683w, https:\/\/halos.ee\/wp-content\/uploads\/2023\/09\/IMG_4567-200x300.jpg 200w, https:\/\/halos.ee\/wp-content\/uploads\/2023\/09\/IMG_4567-768x1152.jpg 768w, https:\/\/halos.ee\/wp-content\/uploads\/2023\/09\/IMG_4567.jpg 1000w\" sizes=\"(max-width: 683px) 100vw, 683px\" \/>\t\t\t\t\t\t\t\t\t\t\t\t\t\t\t<\/div>\n\t\t\t\t<\/div>\n\t\t\t\t<\/div>\n\t\t\t\t\t<\/div>\n\t\t\t\t<\/div>\n\t\t<div class=\"elementor-element elementor-element-1401fa7 e-flex e-con-boxed e-con e-parent\" data-id=\"1401fa7\" data-element_type=\"container\" data-e-type=\"container\" data-settings=\"{&quot;background_background&quot;:&quot;classic&quot;}\">\n\t\t\t\t\t<div class=\"e-con-inner\">\n\t\t<div class=\"elementor-element elementor-element-30e914d e-con-full e-flex e-con e-child\" data-id=\"30e914d\" data-element_type=\"container\" data-e-type=\"container\" data-settings=\"{&quot;background_background&quot;:&quot;classic&quot;}\">\n\t\t\t\t<div class=\"elementor-element elementor-element-2180900 exad-sticky-section-no exad-glass-effect-no elementor-widget elementor-widget-heading\" data-id=\"2180900\" data-element_type=\"widget\" data-e-type=\"widget\" data-widget_type=\"heading.default\">\n\t\t\t\t<div class=\"elementor-widget-container\">\n\t\t\t\t\t<h2 class=\"elementor-heading-title elementor-size-default\">\u041c\u044b \u0441 \u043d\u0435\u0442\u0435\u0440\u043f\u0435\u043d\u0438\u0435\u043c \u0436\u0434\u0435\u043c \u0432\u0430\u0448\u0435\u0433\u043e \u0432\u0438\u0437\u0438\u0442\u0430!<\/h2>\t\t\t\t<\/div>\n\t\t\t\t<\/div>\n\t\t\t\t<div class=\"elementor-element elementor-element-eb65650 exad-sticky-section-no exad-glass-effect-no elementor-widget elementor-widget-text-editor\" data-id=\"eb65650\" data-element_type=\"widget\" data-e-type=\"widget\" data-widget_type=\"text-editor.default\">\n\t\t\t\t<div class=\"elementor-widget-container\">\n\t\t\t\t\t\t\t\t\t<p>\u041f\u0440\u0438\u0445\u043e\u0434\u0438\u0442\u0435 \u0438 \u043f\u0440\u043e\u0432\u0435\u0434\u0438\u0442\u0435 \u0432\u0435\u0441\u0435\u043b\u043e \u0432\u0440\u0435\u043c\u044f, \u0438\u0433\u0440\u0430\u044f \u0441\u043e \u0441\u0432\u043e\u0438\u043c \u0440\u0435\u0431\u0435\u043d\u043a\u043e\u043c.<\/p>\t\t\t\t\t\t\t\t<\/div>\n\t\t\t\t<\/div>\n\t\t\t\t<div class=\"elementor-element elementor-element-99c1d17 exad-sticky-section-no exad-glass-effect-no elementor-widget elementor-widget-exad-exclusive-button\" data-id=\"99c1d17\" data-element_type=\"widget\" data-e-type=\"widget\" data-widget_type=\"exad-exclusive-button.default\">\n\t\t\t\t<div class=\"elementor-widget-container\">\n\t\t\t\t\t\r\n\t\t<div class=\"exad-button-wrapper effect-3 exad-button-incon-before-text exad-button-fixed-height-\">\r\n\r\n\t\t\t\r\n\t\t\t<a href=\"https:\/\/halos.ee\/rus\/product\/mangutuba\/\" class=\"exad-button-action\">\r\n\t\t\t\t<span>\u0417\u0430\u0431\u0440\u043e\u043d\u0438\u0440\u043e\u0432\u0430\u0442\u044c<\/span>\t\t\t<\/a>\r\n\r\n\t\t\t\t\t<\/div>\r\n\t\t\t\t\t\t<\/div>\n\t\t\t\t<\/div>\n\t\t\t\t<\/div>\n\t\t\t\t\t<\/div>\n\t\t\t\t<\/div>\n\t\t\t\t<\/div>","protected":false},"excerpt":{"rendered":"<p>HALOS M\u00e4ngutuba Haloses on avatud ka m\u00e4ngutuba, kus lapsed saavad l\u00f5busalt aega veeta. Halose m\u00e4ngutuba on ideaalne koht v\u00e4ikestele avastajatele! [&hellip;]<\/p>\n","protected":false},"author":1,"featured_media":0,"parent":0,"menu_order":0,"comment_status":"closed","ping_status":"closed","template":"","meta":{"site-sidebar-layout":"no-sidebar","site-content-layout":"page-builder","ast-site-content-layout":"full-width-container","site-content-style":"unboxed","site-sidebar-style":"unboxed","ast-global-header-display":"","ast-banner-title-visibility":"","ast-main-header-display":"","ast-hfb-above-header-display":"","ast-hfb-below-header-display":"","ast-hfb-mobile-header-display":"","site-post-title":"disabled","ast-breadcrumbs-content":"disabled","ast-featured-img":"disabled","footer-sml-layout":"","theme-transparent-header-meta":"default","adv-header-id-meta":"","stick-header-meta":"","header-above-stick-meta":"","header-main-stick-meta":"","header-below-stick-meta":"","astra-migrate-meta-layouts":"set","ast-page-background-enabled":"default","ast-page-background-meta":{"desktop":{"background-color":"","background-image":"","background-repeat":"repeat","background-position":"center center","background-size":"auto","background-attachment":"scroll","background-type":"","background-media":"","overlay-type":"","overlay-color":"","overlay-opacity":"","overlay-gradient":""},"tablet":{"background-color":"","background-image":"","background-repeat":"repeat","background-position":"center center","background-size":"auto","background-attachment":"scroll","background-type":"","background-media":"","overlay-type":"","overlay-color":"","overlay-opacity":"","overlay-gradient":""},"mobile":{"background-color":"","background-image":"","background-repeat":"repeat","background-position":"center center","background-size":"auto","background-attachment":"scroll","background-type":"","background-media":"","overlay-type":"","overlay-color":"","overlay-opacity":"","overlay-gradient":""}},"ast-content-background-meta":{"desktop":{"background-color":"var(--ast-global-color-5)","background-image":"","background-repeat":"repeat","background-position":"center center","background-size":"auto","background-attachment":"scroll","background-type":"","background-media":"","overlay-type":"","overlay-color":"","overlay-opacity":"","overlay-gradient":""},"tablet":{"background-color":"var(--ast-global-color-5)","background-image":"","background-repeat":"repeat","background-position":"center center","background-size":"auto","background-attachment":"scroll","background-type":"","background-media":"","overlay-type":"","overlay-color":"","overlay-opacity":"","overlay-gradient":""},"mobile":{"background-color":"var(--ast-global-color-5)","background-image":"","background-repeat":"repeat","background-position":"center center","background-size":"auto","background-attachment":"scroll","background-type":"","background-media":"","overlay-type":"","overlay-color":"","overlay-opacity":"","overlay-gradient":""}},"footnotes":""},"class_list":["post-9289","page","type-page","status-publish","hentry"],"_links":{"self":[{"href":"https:\/\/halos.ee\/rus\/wp-json\/wp\/v2\/pages\/9289","targetHints":{"allow":["GET"]}}],"collection":[{"href":"https:\/\/halos.ee\/rus\/wp-json\/wp\/v2\/pages"}],"about":[{"href":"https:\/\/halos.ee\/rus\/wp-json\/wp\/v2\/types\/page"}],"author":[{"embeddable":true,"href":"https:\/\/halos.ee\/rus\/wp-json\/wp\/v2\/users\/1"}],"replies":[{"embeddable":true,"href":"https:\/\/halos.ee\/rus\/wp-json\/wp\/v2\/comments?post=9289"}],"version-history":[{"count":101,"href":"https:\/\/halos.ee\/rus\/wp-json\/wp\/v2\/pages\/9289\/revisions"}],"predecessor-version":[{"id":20391,"href":"https:\/\/halos.ee\/rus\/wp-json\/wp\/v2\/pages\/9289\/revisions\/20391"}],"wp:attachment":[{"href":"https:\/\/halos.ee\/rus\/wp-json\/wp\/v2\/media?parent=9289"}],"curies":[{"name":"wp","href":"https:\/\/api.w.org\/{rel}","templated":true}]}}