{"id":9329,"date":"2025-03-18T17:26:48","date_gmt":"2025-03-18T15:26:48","guid":{"rendered":"https:\/\/halos.ee\/?page_id=9329"},"modified":"2026-02-01T11:54:07","modified_gmt":"2026-02-01T09:54:07","slug":"tugiteenused","status":"publish","type":"page","link":"https:\/\/halos.ee\/rus\/tugiteenused\/","title":{"rendered":"\u0420\u0430\u0437\u0432\u0438\u0442\u0438\u0435"},"content":{"rendered":"<div data-elementor-type=\"wp-page\" data-elementor-id=\"9329\" class=\"elementor elementor-9329\">\n\t\t\t\t<div class=\"elementor-element elementor-element-beda2a3 e-flex e-con-boxed e-con e-parent\" data-id=\"beda2a3\" data-element_type=\"container\" data-e-type=\"container\" data-settings=\"{&quot;background_background&quot;:&quot;classic&quot;}\">\n\t\t\t\t\t<div class=\"e-con-inner\">\n\t\t<div class=\"elementor-element elementor-element-782aa6d e-con-full e-flex e-con e-child\" data-id=\"782aa6d\" data-element_type=\"container\" data-e-type=\"container\">\n\t\t\t\t<div class=\"elementor-element elementor-element-e2d10c4 exad-sticky-section-no exad-glass-effect-no elementor-widget elementor-widget-heading\" data-id=\"e2d10c4\" data-element_type=\"widget\" data-e-type=\"widget\" data-widget_type=\"heading.default\">\n\t\t\t\t<div class=\"elementor-widget-container\">\n\t\t\t\t\t<h1 class=\"elementor-heading-title elementor-size-default\">\u0420\u0430\u0437\u0432\u0438\u0442\u0438\u0435<\/h1>\t\t\t\t<\/div>\n\t\t\t\t<\/div>\n\t\t\t\t<\/div>\n\t\t\t\t\t<\/div>\n\t\t\t\t<\/div>\n\t\t<div class=\"elementor-element elementor-element-4c90131 e-flex e-con-boxed e-con e-parent\" data-id=\"4c90131\" data-element_type=\"container\" data-e-type=\"container\" data-settings=\"{&quot;background_background&quot;:&quot;classic&quot;}\">\n\t\t\t\t\t<div class=\"e-con-inner\">\n\t\t\t\t<div class=\"elementor-element elementor-element-fed4c78 exad-sticky-section-no exad-glass-effect-no elementor-widget elementor-widget-heading\" data-id=\"fed4c78\" data-element_type=\"widget\" data-e-type=\"widget\" data-widget_type=\"heading.default\">\n\t\t\t\t<div class=\"elementor-widget-container\">\n\t\t\t\t\t<h2 class=\"elementor-heading-title elementor-size-default\">\u041f\u0440\u043e\u0444\u0435\u0441\u0441\u0438\u043e\u043d\u0430\u043b\u044c\u043d\u0430\u044f \u043f\u043e\u0434\u0434\u0435\u0440\u0436\u043a\u0430 \u0438 \u0440\u0430\u0437\u0432\u0438\u0442\u0438\u0435<\/h2>\t\t\t\t<\/div>\n\t\t\t\t<\/div>\n\t\t\t\t<div class=\"elementor-element elementor-element-56350fc exad-sticky-section-no exad-glass-effect-no elementor-widget elementor-widget-text-editor\" data-id=\"56350fc\" data-element_type=\"widget\" data-e-type=\"widget\" data-widget_type=\"text-editor.default\">\n\t\t\t\t<div class=\"elementor-widget-container\">\n\t\t\t\t\t\t\t\t\t<p>\u0412\u0441\u0435 \u0441\u043f\u0435\u0446\u0438\u0430\u043b\u0438\u0441\u0442\u044b \u0440\u0430\u0431\u043e\u0442\u0430\u044e\u0442 \u043e\u0442 \u0434\u0443\u0448\u0438, \u0447\u0442\u043e\u0431\u044b \u043a\u0430\u0436\u0434\u044b\u0439 \u0440\u0435\u0431\u0435\u043d\u043e\u043a \u0440\u043e\u0441 \u0441\u0447\u0430\u0441\u0442\u043b\u0438\u0432\u043e \u0438 \u0443\u0432\u0435\u0440\u0435\u043d\u043d\u043e.<\/p>\t\t\t\t\t\t\t\t<\/div>\n\t\t\t\t<\/div>\n\t\t\t\t\t<\/div>\n\t\t\t\t<\/div>\n\t\t<div class=\"elementor-element elementor-element-30f6699 e-flex e-con-boxed e-con e-parent\" data-id=\"30f6699\" data-element_type=\"container\" data-e-type=\"container\">\n\t\t\t\t\t<div class=\"e-con-inner\">\n\t\t<div class=\"elementor-element elementor-element-a830660 e-con-full e-flex e-con e-child\" data-id=\"a830660\" data-element_type=\"container\" data-e-type=\"container\">\n\t\t\t\t<div class=\"elementor-element elementor-element-6602cf4 elementor-position-top exad-sticky-section-no exad-glass-effect-no elementor-widget elementor-widget-image-box\" data-id=\"6602cf4\" data-element_type=\"widget\" data-e-type=\"widget\" data-settings=\"{&quot;_animation&quot;:&quot;none&quot;}\" data-widget_type=\"image-box.default\">\n\t\t\t\t<div class=\"elementor-widget-container\">\n\t\t\t\t\t<div class=\"elementor-image-box-wrapper\"><figure class=\"elementor-image-box-img\"><img fetchpriority=\"high\" decoding=\"async\" width=\"1500\" height=\"1000\" src=\"https:\/\/halos.ee\/wp-content\/uploads\/2025\/03\/Laste-fusioteraapia.png\" class=\"attachment-full size-full wp-image-8910\" alt=\"Halos laste heaolu- ja soolakeskuse laste f\u00fcsioterapeut\" srcset=\"https:\/\/halos.ee\/wp-content\/uploads\/2025\/03\/Laste-fusioteraapia.png 1500w, https:\/\/halos.ee\/wp-content\/uploads\/2025\/03\/Laste-fusioteraapia-300x200.png 300w, https:\/\/halos.ee\/wp-content\/uploads\/2025\/03\/Laste-fusioteraapia-1024x683.png 1024w, https:\/\/halos.ee\/wp-content\/uploads\/2025\/03\/Laste-fusioteraapia-768x512.png 768w\" sizes=\"(max-width: 1500px) 100vw, 1500px\" \/><\/figure><div class=\"elementor-image-box-content\"><h3 class=\"elementor-image-box-title\">\u0414\u0435\u0442\u0441\u043a\u0438\u0439 \u0444\u0438\u0437\u0438\u043e\u0442\u0435\u0440\u0430\u043f\u0435\u0432\u0442<\/h3><p class=\"elementor-image-box-description\">\u0424\u0438\u0437\u0438\u043e\u0442\u0435\u0440\u0430\u043f\u0435\u0432\u0442 \u0421\u043e\u0444\u0438\u044f \u0411\u0435\u043a\u0435\u0442\u043e\u0432\u0430<\/p><\/div><\/div>\t\t\t\t<\/div>\n\t\t\t\t<\/div>\n\t\t\t\t<div class=\"elementor-element elementor-element-d5ceeab exad-sticky-section-no exad-glass-effect-no elementor-widget elementor-widget-text-editor\" data-id=\"d5ceeab\" data-element_type=\"widget\" data-e-type=\"widget\" data-widget_type=\"text-editor.default\">\n\t\t\t\t<div class=\"elementor-widget-container\">\n\t\t\t\t\t\t\t\t\t<p>\u0424\u0438\u0437\u0438\u043e\u0442\u0435\u0440\u0430\u043f\u0438\u044f \u043f\u043e\u043c\u043e\u0433\u0430\u0435\u0442 \u0443\u043a\u0440\u0435\u043f\u0438\u0442\u044c \u0434\u0432\u0438\u0433\u0430\u0442\u0435\u043b\u044c\u043d\u044b\u0435 \u043d\u0430\u0432\u044b\u043a\u0438 \u0440\u0435\u0431\u0435\u043d\u043a\u0430, \u043f\u0440\u0435\u0434\u043e\u0442\u0432\u0440\u0430\u0442\u0438\u0442\u044c \u0438 \u043e\u0431\u043b\u0435\u0433\u0447\u0438\u0442\u044c \u0434\u0432\u0438\u0433\u0430\u0442\u0435\u043b\u044c\u043d\u044b\u0435 \u043f\u0440\u043e\u0431\u043b\u0435\u043c\u044b.<\/p>\t\t\t\t\t\t\t\t<\/div>\n\t\t\t\t<\/div>\n\t\t\t\t<div class=\"elementor-element elementor-element-ca234cf exad-sticky-section-no exad-glass-effect-no elementor-widget elementor-widget-exad-exclusive-button\" data-id=\"ca234cf\" data-element_type=\"widget\" data-e-type=\"widget\" data-widget_type=\"exad-exclusive-button.default\">\n\t\t\t\t<div class=\"elementor-widget-container\">\n\t\t\t\t\t\r\n\t\t<div class=\"exad-button-wrapper effect-3 exad-button-incon-before-text exad-button-fixed-height-\">\r\n\r\n\t\t\t\r\n\t\t\t<a href=\"https:\/\/halos.ee\/rus\/beebide-fusioterapeut\/\" class=\"exad-button-action\">\r\n\t\t\t\t<span>\u0411\u043e\u043b\u044c\u0448\u0435<\/span>\t\t\t<\/a>\r\n\r\n\t\t\t\t\t<\/div>\r\n\t\t\t\t\t\t<\/div>\n\t\t\t\t<\/div>\n\t\t\t\t<\/div>\n\t\t<div class=\"elementor-element elementor-element-829e743 e-con-full e-flex e-con e-child\" data-id=\"829e743\" data-element_type=\"container\" data-e-type=\"container\">\n\t\t\t\t<div class=\"elementor-element elementor-element-540f2e9 elementor-position-top exad-sticky-section-no exad-glass-effect-no elementor-widget elementor-widget-image-box\" data-id=\"540f2e9\" data-element_type=\"widget\" data-e-type=\"widget\" data-settings=\"{&quot;_animation&quot;:&quot;none&quot;}\" data-widget_type=\"image-box.default\">\n\t\t\t\t<div class=\"elementor-widget-container\">\n\t\t\t\t\t<div class=\"elementor-image-box-wrapper\"><figure class=\"elementor-image-box-img\"><img decoding=\"async\" width=\"1500\" height=\"1000\" src=\"https:\/\/halos.ee\/wp-content\/uploads\/2025\/03\/Muusikaterapeut.png\" class=\"attachment-full size-full wp-image-8911\" alt=\"Halos laste heaolu- ja soolakeskuse muusikaterapeut\" srcset=\"https:\/\/halos.ee\/wp-content\/uploads\/2025\/03\/Muusikaterapeut.png 1500w, https:\/\/halos.ee\/wp-content\/uploads\/2025\/03\/Muusikaterapeut-300x200.png 300w, https:\/\/halos.ee\/wp-content\/uploads\/2025\/03\/Muusikaterapeut-1024x683.png 1024w, https:\/\/halos.ee\/wp-content\/uploads\/2025\/03\/Muusikaterapeut-768x512.png 768w\" sizes=\"(max-width: 1500px) 100vw, 1500px\" \/><\/figure><div class=\"elementor-image-box-content\"><h3 class=\"elementor-image-box-title\">\u041c\u0443\u0437\u044b\u043a\u0430\u043b\u044c\u043d\u044b\u0439 \u0442\u0435\u0440\u0430\u043f\u0435\u0432\u0442<\/h3><p class=\"elementor-image-box-description\">\u041c\u0443\u0437\u044b\u043a\u0430\u043b\u044c\u043d\u044b\u0439 \u0442\u0435\u0440\u0430\u043f\u0435\u0432\u0442 \u041a\u0435\u0440\u0442\u0443 \u0420\u0443\u043c\u043c\u0435\u043b\u044c<\/p><\/div><\/div>\t\t\t\t<\/div>\n\t\t\t\t<\/div>\n\t\t\t\t<div class=\"elementor-element elementor-element-61bae75 exad-sticky-section-no exad-glass-effect-no elementor-widget elementor-widget-text-editor\" data-id=\"61bae75\" data-element_type=\"widget\" data-e-type=\"widget\" data-widget_type=\"text-editor.default\">\n\t\t\t\t<div class=\"elementor-widget-container\">\n\t\t\t\t\t\t\t\t\t<p>\u041c\u0443\u0437\u044b\u043a\u0430\u043b\u044c\u043d\u0430\u044f \u0442\u0435\u0440\u0430\u043f\u0438\u044f \u043f\u043e\u0434\u0434\u0435\u0440\u0436\u0438\u0432\u0430\u0435\u0442 \u0441\u0430\u043c\u043e\u0432\u044b\u0440\u0430\u0436\u0435\u043d\u0438\u0435, \u0442\u0432\u043e\u0440\u0447\u0435\u0441\u0442\u0432\u043e \u0438 \u0440\u0435\u0433\u0443\u043b\u0438\u0440\u043e\u0432\u0430\u043d\u0438\u0435 \u044d\u043c\u043e\u0446\u0438\u0439 \u0440\u0435\u0431\u0435\u043d\u043a\u0430 \u043f\u043e\u0441\u0440\u0435\u0434\u0441\u0442\u0432\u043e\u043c \u043c\u0443\u0437\u044b\u043a\u0438.<\/p>\t\t\t\t\t\t\t\t<\/div>\n\t\t\t\t<\/div>\n\t\t\t\t<div class=\"elementor-element elementor-element-63f367e exad-sticky-section-no exad-glass-effect-no elementor-widget elementor-widget-exad-exclusive-button\" data-id=\"63f367e\" data-element_type=\"widget\" data-e-type=\"widget\" data-widget_type=\"exad-exclusive-button.default\">\n\t\t\t\t<div class=\"elementor-widget-container\">\n\t\t\t\t\t\r\n\t\t<div class=\"exad-button-wrapper effect-3 exad-button-incon-before-text exad-button-fixed-height-\">\r\n\r\n\t\t\t\r\n\t\t\t<a href=\"https:\/\/halos.ee\/rus\/muusikaterapeut\/\" class=\"exad-button-action\">\r\n\t\t\t\t<span>\u0411\u043e\u043b\u044c\u0448\u0435<\/span>\t\t\t<\/a>\r\n\r\n\t\t\t\t\t<\/div>\r\n\t\t\t\t\t\t<\/div>\n\t\t\t\t<\/div>\n\t\t\t\t<\/div>\n\t\t\t\t\t<\/div>\n\t\t\t\t<\/div>\n\t\t\t\t<\/div>","protected":false},"excerpt":{"rendered":"<p>Tugiteenused Professionaalseid tugiteenused K\u00f5ik spetsialistid t\u00f6\u00f6tavad s\u00fcdamega, et iga laps saaks kasvada r\u00f5\u00f5msalt ja enesekindlalt. Beebide f\u00fcsioterapeut F\u00fcsioterapeut Sofia Beketova [&hellip;]<\/p>\n","protected":false},"author":1,"featured_media":0,"parent":0,"menu_order":0,"comment_status":"closed","ping_status":"closed","template":"","meta":{"site-sidebar-layout":"no-sidebar","site-content-layout":"page-builder","ast-site-content-layout":"default","site-content-style":"default","site-sidebar-style":"default","ast-global-header-display":"","ast-banner-title-visibility":"","ast-main-header-display":"","ast-hfb-above-header-display":"","ast-hfb-below-header-display":"","ast-hfb-mobile-header-display":"","site-post-title":"disabled","ast-breadcrumbs-content":"disabled","ast-featured-img":"disabled","footer-sml-layout":"","theme-transparent-header-meta":"default","adv-header-id-meta":"","stick-header-meta":"","header-above-stick-meta":"","header-main-stick-meta":"","header-below-stick-meta":"","astra-migrate-meta-layouts":"default","ast-page-background-enabled":"default","ast-page-background-meta":{"desktop":{"background-color":"","background-image":"","background-repeat":"repeat","background-position":"center center","background-size":"auto","background-attachment":"scroll","background-type":"","background-media":"","overlay-type":"","overlay-color":"","overlay-opacity":"","overlay-gradient":""},"tablet":{"background-color":"","background-image":"","background-repeat":"repeat","background-position":"center center","background-size":"auto","background-attachment":"scroll","background-type":"","background-media":"","overlay-type":"","overlay-color":"","overlay-opacity":"","overlay-gradient":""},"mobile":{"background-color":"","background-image":"","background-repeat":"repeat","background-position":"center center","background-size":"auto","background-attachment":"scroll","background-type":"","background-media":"","overlay-type":"","overlay-color":"","overlay-opacity":"","overlay-gradient":""}},"ast-content-background-meta":{"desktop":{"background-color":"var(--ast-global-color-5)","background-image":"","background-repeat":"repeat","background-position":"center center","background-size":"auto","background-attachment":"scroll","background-type":"","background-media":"","overlay-type":"","overlay-color":"","overlay-opacity":"","overlay-gradient":""},"tablet":{"background-color":"var(--ast-global-color-5)","background-image":"","background-repeat":"repeat","background-position":"center center","background-size":"auto","background-attachment":"scroll","background-type":"","background-media":"","overlay-type":"","overlay-color":"","overlay-opacity":"","overlay-gradient":""},"mobile":{"background-color":"var(--ast-global-color-5)","background-image":"","background-repeat":"repeat","background-position":"center center","background-size":"auto","background-attachment":"scroll","background-type":"","background-media":"","overlay-type":"","overlay-color":"","overlay-opacity":"","overlay-gradient":""}},"footnotes":""},"class_list":["post-9329","page","type-page","status-publish","hentry"],"_links":{"self":[{"href":"https:\/\/halos.ee\/rus\/wp-json\/wp\/v2\/pages\/9329","targetHints":{"allow":["GET"]}}],"collection":[{"href":"https:\/\/halos.ee\/rus\/wp-json\/wp\/v2\/pages"}],"about":[{"href":"https:\/\/halos.ee\/rus\/wp-json\/wp\/v2\/types\/page"}],"author":[{"embeddable":true,"href":"https:\/\/halos.ee\/rus\/wp-json\/wp\/v2\/users\/1"}],"replies":[{"embeddable":true,"href":"https:\/\/halos.ee\/rus\/wp-json\/wp\/v2\/comments?post=9329"}],"version-history":[{"count":43,"href":"https:\/\/halos.ee\/rus\/wp-json\/wp\/v2\/pages\/9329\/revisions"}],"predecessor-version":[{"id":20397,"href":"https:\/\/halos.ee\/rus\/wp-json\/wp\/v2\/pages\/9329\/revisions\/20397"}],"wp:attachment":[{"href":"https:\/\/halos.ee\/rus\/wp-json\/wp\/v2\/media?parent=9329"}],"curies":[{"name":"wp","href":"https:\/\/api.w.org\/{rel}","templated":true}]}}