{"id":9656,"date":"2025-03-18T23:32:50","date_gmt":"2025-03-18T21:32:50","guid":{"rendered":"https:\/\/halos.ee\/?page_id=9656"},"modified":"2025-03-21T15:05:59","modified_gmt":"2025-03-21T13:05:59","slug":"kulastusinfo","status":"publish","type":"page","link":"https:\/\/halos.ee\/rus\/kulastusinfo\/","title":{"rendered":"\u0418\u043d\u0444\u043e\u0440\u043c\u0430\u0446\u0438\u044f \u0434\u043b\u044f \u043f\u043e\u0441\u0435\u0442\u0438\u0442\u0435\u043b\u0435\u0439"},"content":{"rendered":"<div data-elementor-type=\"wp-page\" data-elementor-id=\"9656\" class=\"elementor elementor-9656\">\n\t\t\t\t<div class=\"elementor-element elementor-element-beda2a3 e-flex e-con-boxed e-con e-parent\" data-id=\"beda2a3\" data-element_type=\"container\" data-e-type=\"container\" data-settings=\"{&quot;background_background&quot;:&quot;classic&quot;}\">\n\t\t\t\t\t<div class=\"e-con-inner\">\n\t\t<div class=\"elementor-element elementor-element-782aa6d e-con-full e-flex e-con e-child\" data-id=\"782aa6d\" data-element_type=\"container\" data-e-type=\"container\">\n\t\t\t\t<div class=\"elementor-element elementor-element-e2d10c4 exad-sticky-section-no exad-glass-effect-no elementor-widget elementor-widget-heading\" data-id=\"e2d10c4\" data-element_type=\"widget\" data-e-type=\"widget\" data-widget_type=\"heading.default\">\n\t\t\t\t<div class=\"elementor-widget-container\">\n\t\t\t\t\t<h2 class=\"elementor-heading-title elementor-size-default\">\u0418\u043d\u0444\u043e\u0440\u043c\u0430\u0446\u0438\u044f \u0434\u043b\u044f \u043f\u043e\u0441\u0435\u0442\u0438\u0442\u0435\u043b\u0435\u0439<\/h2>\t\t\t\t<\/div>\n\t\t\t\t<\/div>\n\t\t\t\t<\/div>\n\t\t\t\t\t<\/div>\n\t\t\t\t<\/div>\n\t\t<div class=\"elementor-element elementor-element-0e93c02 e-flex e-con-boxed e-con e-parent\" data-id=\"0e93c02\" data-element_type=\"container\" data-e-type=\"container\" data-settings=\"{&quot;background_background&quot;:&quot;classic&quot;}\">\n\t\t\t\t\t<div class=\"e-con-inner\">\n\t\t<div class=\"elementor-element elementor-element-5799134 e-con-full e-flex e-con e-child\" data-id=\"5799134\" data-element_type=\"container\" data-e-type=\"container\" data-settings=\"{&quot;background_background&quot;:&quot;classic&quot;}\">\n\t\t\t\t<div class=\"elementor-element elementor-element-ba3a6c3 exad-sticky-section-no exad-glass-effect-no elementor-widget elementor-widget-text-editor\" data-id=\"ba3a6c3\" data-element_type=\"widget\" data-e-type=\"widget\" data-widget_type=\"text-editor.default\">\n\t\t\t\t<div class=\"elementor-widget-container\">\n\t\t\t\t\t\t\t\t\t<p>\u0423\u0432\u0430\u0436\u0430\u0435\u043c\u044b\u0435 \u0433\u043e\u0441\u0442\u0438, \u043f\u0435\u0440\u0435\u0434 \u043f\u0435\u0440\u0432\u044b\u043c \u043f\u043e\u0441\u0435\u0449\u0435\u043d\u0438\u0435\u043c \u0441\u043e\u043b\u044f\u043d\u043e\u0439 \u043a\u0430\u043c\u0435\u0440\u044b \u043f\u0440\u043e\u0441\u0438\u043c \u0412\u0430\u0441 \u043e\u0437\u043d\u0430\u043a\u043e\u043c\u0438\u0442\u044c\u0441\u044f \u0441\u043e \u0441\u043b\u0435\u0434\u0443\u044e\u0449\u0435\u0439 \u0438\u043d\u0444\u043e\u0440\u043c\u0430\u0446\u0438\u0435\u0439:<\/p><h5>\u041f\u0435\u0440\u0435\u0434 \u0432\u0438\u0437\u0438\u0442\u043e\u043c<\/h5><p>\u0421\u0430\u043c\u043e\u0435 \u0432\u0435\u0440\u043d\u043e\u0435 \u2014 \u0437\u0430\u0440\u0430\u043d\u0435\u0435 \u0437\u0430\u043f\u0438\u0441\u0430\u0442\u044c\u0441\u044f \u043d\u0430 \u043f\u043e\u0441\u0435\u0449\u0435\u043d\u0438\u0435, \u043e\u0444\u043e\u0440\u043c\u0438\u0432 \u0431\u0440\u043e\u043d\u0438\u0440\u043e\u0432\u0430\u043d\u0438\u0435 \u0447\u0435\u0440\u0435\u0437 \u043d\u0430\u0448 \u0441\u0430\u0439\u0442 \u0438\u043b\u0438 \u043f\u043e\u0437\u0432\u043e\u043d\u0438\u0432 \u0430\u0434\u043c\u0438\u043d\u0438\u0441\u0442\u0440\u0430\u0442\u043e\u0440\u0443 Halos.<\/p><ul><li><span style=\"color: #055f6f;\"><strong>\u041f\u043e\u0436\u0430\u043b\u0443\u0439\u0441\u0442\u0430, \u043f\u0440\u0438\u0445\u043e\u0434\u0438\u0442\u0435 \u0437\u0430 10-15 \u043c\u0438\u043d\u0443\u0442 \u0434\u043e \u043d\u0430\u0447\u0430\u043b\u0430 \u0441\u0435\u0430\u043d\u0441\u0430.<\/strong><\/span>, \u0447\u0442\u043e\u0431\u044b \u0431\u044b\u043b\u043e \u0432\u0440\u0435\u043c\u044f \u0441\u043d\u044f\u0442\u044c \u0432\u0435\u0440\u0445\u043d\u044e\u044e \u043e\u0434\u0435\u0436\u0434\u0443 \u0438 \u0443\u043b\u0438\u0447\u043d\u0443\u044e \u043e\u0431\u0443\u0432\u044c.<\/li><li>\u0410\u0434\u043c\u0438\u043d\u0438\u0441\u0442\u0440\u0430\u0442\u043e\u0440 \u043f\u0440\u043e\u0432\u0435\u0434\u0435\u0442 \u0432\u0430\u0441 \u0432 \u043f\u0440\u0438\u0445\u043e\u0436\u0443\u044e \u0441\u043e\u043b\u044f\u043d\u043e\u0439 \u043a\u0430\u043c\u0435\u0440\u044b, \u0433\u0434\u0435 \u0432\u0430\u043c \u0432\u044b\u0434\u0430\u0434\u0443\u0442 \u043f\u043e\u0432\u044f\u0437\u043a\u0438 \u043d\u0430 \u0433\u043e\u043b\u043e\u0432\u0443 \u0438 \u043d\u043e\u0433\u0438.<\/li><li>\u0412\u043e \u0432\u0440\u0435\u043c\u044f \u0441\u0435\u0430\u043d\u0441\u0430 \u0437\u0430\u0433\u043e\u0440\u0430\u0435\u0442\u0441\u044f \u0431\u043e\u043b\u0435\u0435 \u0442\u0443\u0441\u043a\u043b\u044b\u0439 \u0441\u0432\u0435\u0442, \u0430 \u0434\u0440\u0443\u0433\u043e\u0439 \u0441\u0438\u0433\u043d\u0430\u043b\u0438\u0437\u0438\u0440\u0443\u0435\u0442 \u043e\u0431 \u043e\u043a\u043e\u043d\u0447\u0430\u043d\u0438\u0438 \u0441\u0435\u0430\u043d\u0441\u0430.<\/li><li>\u041f\u0435\u0440\u0435\u0434 \u043f\u043e\u0441\u0435\u0449\u0435\u043d\u0438\u0435\u043c \u0441\u043e\u043b\u044f\u043d\u043e\u0439 \u043a\u0430\u043c\u0435\u0440\u044b \u043f\u0440\u043e\u0441\u0438\u043c \u0412\u0430\u0441 \u0432\u043e\u0437\u0434\u0435\u0440\u0436\u0430\u0442\u044c\u0441\u044f \u043e\u0442 \u0438\u0441\u043f\u043e\u043b\u044c\u0437\u043e\u0432\u0430\u043d\u0438\u044f\/\u043d\u043e\u0448\u0435\u043d\u0438\u044f \u043f\u0430\u0440\u0444\u044e\u043c\u0435\u0440\u0438\u0438, \u0436\u0438\u0434\u043a\u043e\u0441\u0442\u0435\u0439, \u043c\u0430\u0441\u0435\u043b, \u0430\u0440\u043e\u043c\u0430\u0442\u0438\u0437\u0430\u0442\u043e\u0440\u043e\u0432 \u0438 \u0442.\u043f. \u0420\u044f\u0434\u043e\u043c \u0441 \u0432\u0430\u043c\u0438 \u043c\u043e\u0433\u0443\u0442 \u043d\u0430\u0445\u043e\u0434\u0438\u0442\u044c\u0441\u044f \u043f\u043e\u0441\u0435\u0442\u0438\u0442\u0435\u043b\u0438, \u0441\u0442\u0440\u0430\u0434\u0430\u044e\u0449\u0438\u0435 \u0430\u0441\u0442\u043c\u043e\u0439 \u0438\u043b\u0438 \u0430\u043b\u043b\u0435\u0440\u0433\u0438\u0435\u0439, \u0438 \u0440\u0430\u0437\u043b\u0438\u0447\u043d\u044b\u0435 \u0437\u0430\u043f\u0430\u0445\u0438 \u043c\u043e\u0433\u0443\u0442 \u043e\u0442\u0440\u0438\u0446\u0430\u0442\u0435\u043b\u044c\u043d\u043e \u0432\u043b\u0438\u044f\u0442\u044c \u043d\u0430 \u0438\u0445 \u0441\u0430\u043c\u043e\u0447\u0443\u0432\u0441\u0442\u0432\u0438\u0435. \u041f\u043e \u044d\u0442\u043e\u0439 \u0436\u0435 \u043f\u0440\u0438\u0447\u0438\u043d\u0435 \u043c\u044b \u0442\u0430\u043a\u0436\u0435 \u043f\u0440\u043e\u0441\u0438\u043c \u0432\u0430\u0441 \u043d\u0435 \u043a\u0443\u0440\u0438\u0442\u044c \u043d\u0435\u043f\u043e\u0441\u0440\u0435\u0434\u0441\u0442\u0432\u0435\u043d\u043d\u043e \u043f\u0435\u0440\u0435\u0434 \u043f\u0440\u0438\u0445\u043e\u0434\u043e\u043c \u043d\u0430 \u0441\u0435\u0430\u043d\u0441.<\/li><\/ul><h5>\u0412\u043e \u0432\u0440\u0435\u043c\u044f \u0432\u0438\u0437\u0438\u0442\u0430<\/h5><ul><li>\u041e\u0431\u0440\u0430\u0442\u0438\u0442\u0435 \u0432\u043d\u0438\u043c\u0430\u043d\u0438\u0435: \u0447\u0435\u043c \u0443\u0434\u043e\u0431\u043d\u0435\u0435 \u043e\u0434\u0435\u0436\u0434\u0430, \u0442\u0435\u043c \u043f\u0440\u0438\u044f\u0442\u043d\u0435\u0435 \u043f\u043e\u0441\u0435\u0449\u0435\u043d\u0438\u0435.<\/li><li>\u041c\u044b \u043f\u0440\u0435\u0434\u043e\u0441\u0442\u0430\u0432\u043b\u044f\u0435\u043c \u0441\u043f\u043e\u043a\u043e\u0439\u043d\u0443\u044e \u043c\u0443\u0437\u044b\u043a\u0443, \u0443\u0434\u043e\u0431\u043d\u043e\u0435 \u043a\u0440\u0435\u0441\u043b\u043e \u0434\u043b\u044f \u0440\u043e\u0434\u0438\u0442\u0435\u043b\u0435\u0439 \u0438 \u0438\u0433\u0440\u0443\u0448\u043a\u0438 \u0434\u043b\u044f \u0440\u0435\u0431\u0435\u043d\u043a\u0430.<\/li><li>\u041f\u043e\u0441\u043b\u0435 \u043d\u0430\u0447\u0430\u043b\u0430 \u0441\u0435\u0430\u043d\u0441\u0430 \u043b\u0435\u0447\u0435\u043d\u0438\u044f \u043c\u044b \u0440\u0435\u043a\u043e\u043c\u0435\u043d\u0434\u0443\u0435\u043c \u0432\u0430\u043c \u043f\u0440\u0430\u043a\u0442\u0438\u043a\u043e\u0432\u0430\u0442\u044c \u0433\u043b\u0443\u0431\u043e\u043a\u043e\u0435 \u0434\u044b\u0445\u0430\u043d\u0438\u0435 (\u0432\u0434\u044b\u0445\u0430\u043d\u0438\u0435 \u0447\u0435\u0440\u0435\u0437 \u043d\u043e\u0441), \u0447\u0442\u043e\u0431\u044b \u043f\u043e\u043b\u0443\u0447\u0438\u0442\u044c \u043c\u0430\u043a\u0441\u0438\u043c\u0430\u043b\u044c\u043d\u0443\u044e \u043f\u043e\u043b\u044c\u0437\u0443 \u043e\u0442 \u0441\u0443\u0445\u043e\u0433\u043e \u0441\u043e\u043b\u0435\u0432\u043e\u0433\u043e \u0430\u044d\u0440\u043e\u0437\u043e\u043b\u044f.<\/li><li>\u0418\u0441\u043f\u043e\u043b\u044c\u0437\u043e\u0432\u0430\u043d\u0438\u0435 \u0441\u043c\u0430\u0440\u0442-\u0443\u0441\u0442\u0440\u043e\u0439\u0441\u0442\u0432\u0430:<ul><li>\u0417\u0430\u043f\u0435\u0447\u0430\u0442\u043b\u0435\u0442\u044c \u0442\u0430\u043a\u0443\u044e \u200b\u200b\u043d\u0430\u043f\u0440\u044f\u0436\u0435\u043d\u043d\u0443\u044e \u043f\u0440\u043e\u0446\u0435\u0434\u0443\u0440\u0443 \u2014 \u044d\u0442\u043e \u0437\u0434\u043e\u0440\u043e\u0432\u043e \u0438 \u043f\u043e\u043b\u043d\u043e\u0441\u0442\u044c\u044e \u043d\u0430\u043c\u0438 \u043e\u0434\u043e\u0431\u0440\u0435\u043d\u043e. \u041e\u0434\u043d\u0430\u043a\u043e \u043c\u044b \u043f\u0440\u043e\u0441\u0438\u043c \u0432\u0430\u0441 \u043e\u0441\u0442\u0430\u0432\u0438\u0442\u044c \u0441\u043c\u0430\u0440\u0442-\u0443\u0441\u0442\u0440\u043e\u0439\u0441\u0442\u0432\u043e \u0432 \u0433\u043e\u0441\u0442\u0438\u043d\u043e\u0439 \u0441\u043e\u043b\u044f\u043d\u043e\u0439 \u043a\u0430\u043c\u0435\u0440\u044b \u043f\u043e\u0441\u043b\u0435 \u043f\u0435\u0440\u0432\u043e\u043d\u0430\u0447\u0430\u043b\u044c\u043d\u043e\u0439 \u0437\u0430\u043f\u0438\u0441\u0438. \u0410 \u0438\u043c\u0435\u043d\u043d\u043e, \u043a\u0440\u043e\u0448\u0435\u0447\u043d\u044b\u0435 \u0447\u0430\u0441\u0442\u0438\u0446\u044b \u0441\u043e\u043b\u0438 \u043c\u043e\u0433\u0443\u0442 \u043f\u043e\u0432\u0440\u0435\u0434\u0438\u0442\u044c \u0432\u0430\u0448\u0435 \u0443\u043c\u043d\u043e\u0435 \u0443\u0441\u0442\u0440\u043e\u0439\u0441\u0442\u0432\u043e.<\/li><li>\u041e\u0434\u043d\u0430\u043a\u043e, \u0435\u0441\u043b\u0438 \u0432\u044b \u0432\u0441\u0435 \u0436\u0435 \u0440\u0435\u0448\u0438\u0442\u0435 \u0432\u0437\u044f\u0442\u044c \u0441 \u0441\u043e\u0431\u043e\u0439 \u0441\u0432\u043e\u0435 \u0441\u043c\u0430\u0440\u0442-\u0443\u0441\u0442\u0440\u043e\u0439\u0441\u0442\u0432\u043e \u0432\u043e \u0432\u0440\u0435\u043c\u044f \u0441\u0435\u0430\u043d\u0441\u0430, \u043f\u0435\u0440\u0435\u043a\u043b\u044e\u0447\u0438\u0442\u0435 \u0435\u0433\u043e <span style=\"color: #055f6f;\"><strong>\u0432 \u0431\u0435\u0437\u0437\u0432\u0443\u0447\u043d\u044b\u0439 \u0440\u0435\u0436\u0438\u043c<\/strong><\/span>. \u0426\u0435\u043b\u044c \u0441\u0435\u0430\u043d\u0441\u0430 \u2013 \u0440\u0430\u0441\u0441\u043b\u0430\u0431\u0438\u0442\u044c\u0441\u044f \u0438 \u0441\u043e\u0441\u0440\u0435\u0434\u043e\u0442\u043e\u0447\u0438\u0442\u044c\u0441\u044f \u043d\u0430 \u0441\u0432\u043e\u0435\u043c \u0434\u044b\u0445\u0430\u043d\u0438\u0438. \u042d\u0442\u043e \u043f\u043e\u0432\u044b\u0448\u0430\u0435\u0442 \u044d\u0444\u0444\u0435\u043a\u0442\u0438\u0432\u043d\u043e\u0441\u0442\u044c \u043f\u0440\u043e\u0446\u0435\u0434\u0443\u0440\u044b.<\/li><\/ul><\/li><li>\u0412 \u0446\u0435\u043b\u044f\u0445 \u043f\u043e\u0434\u0434\u0435\u0440\u0436\u0430\u043d\u0438\u044f \u0441\u0442\u0435\u0440\u0438\u043b\u044c\u043d\u043e\u0441\u0442\u0438 \u0432 \u0441\u043e\u043b\u044f\u043d\u043e\u0439 \u043a\u0430\u043c\u0435\u0440\u0435 \u0437\u0430\u043f\u0440\u0435\u0449\u0435\u043d\u043e \u0435\u0441\u0442\u044c \u0438 \u043f\u0438\u0442\u044c.<\/li><li><span style=\"color: #055f6f;\"><strong>\u041f\u0440\u043e\u0441\u0438\u043c \u0432\u0430\u0441 \u0438\/\u0438\u043b\u0438 \u0432\u0430\u0448\u0438\u0445 \u0434\u0435\u0442\u0435\u0439 \u043d\u0435 \u043f\u0440\u0438\u043a\u0430\u0441\u0430\u0442\u044c\u0441\u044f \u043a \u0441\u0442\u0435\u043d\u0430\u043c \u0438 \u0441\u043e\u043b\u0435\u043d\u044b\u043c \u043f\u0435\u0440\u0441\u043e\u043d\u0430\u0436\u0430\u043c. \u041f\u0440\u043e\u0441\u0438\u043c \u0434\u0435\u0442\u0435\u0439 \u043d\u0435 \u0442\u0435\u0440\u0435\u0442\u044c \u0433\u043b\u0430\u0437\u0430 \u0438 \u043d\u0435 \u043a\u043b\u0430\u0441\u0442\u044c \u0432 \u0440\u043e\u0442 \u0441\u043e\u043b\u044c.<\/strong><\/span><\/li><li>\u0421\u043e\u043b\u044f\u043d\u0430\u044f \u043a\u043e\u043c\u043d\u0430\u0442\u0430 \u2013 \u044d\u0442\u043e \u0430\u0431\u0441\u043e\u043b\u044e\u0442\u043d\u043e \u0441\u0442\u0435\u0440\u0438\u043b\u044c\u043d\u0430\u044f \u0438 \u043e\u0447\u0435\u043d\u044c \u0434\u0435\u043b\u0438\u043a\u0430\u0442\u043d\u0430\u044f \u0441\u0440\u0435\u0434\u0430, \u0442\u0440\u0435\u0431\u0443\u044e\u0449\u0430\u044f \u0432\u0441\u0435\u0433\u0434\u0430 \u043e\u0442\u0432\u0435\u0442\u0441\u0442\u0432\u0435\u043d\u043d\u043e\u0433\u043e \u0438 \u0443\u0432\u0430\u0436\u0438\u0442\u0435\u043b\u044c\u043d\u043e\u0433\u043e \u043f\u043e\u0432\u0435\u0434\u0435\u043d\u0438\u044f. \u0412 \u043d\u0430\u0448\u0435\u0439 \u0441\u043e\u043b\u044f\u043d\u043e\u0439 \u043a\u0430\u043c\u0435\u0440\u0435 \u0440\u0430\u0434\u044b \u0434\u0435\u0442\u044f\u043c, \u043d\u043e \u043c\u044b \u0432\u0441\u0435 \u0440\u0430\u0432\u043d\u043e \u043f\u0440\u043e\u0441\u0438\u043c \u043d\u0430\u043f\u0440\u0430\u0432\u043b\u044f\u0442\u044c \u0434\u0435\u0442\u0435\u0439 \u043d\u0430 \u0441\u043f\u043e\u043a\u043e\u0439\u043d\u044b\u0435 \u0438\u0433\u0440\u044b. \u0427\u0435\u043c \u0441\u043f\u043e\u043a\u043e\u0439\u043d\u0435\u0435 \u0434\u044b\u0445\u0430\u043d\u0438\u0435 \u0438 \u0440\u0430\u0431\u043e\u0442\u0430 \u0441\u0435\u0440\u0434\u0446\u0430, \u0442\u0435\u043c \u043b\u0443\u0447\u0448\u0435 \u044d\u0444\u0444\u0435\u043a\u0442 \u043e\u0442 \u0441\u043e\u043b\u044f\u043d\u043e\u0439 \u0442\u0435\u0440\u0430\u043f\u0438\u0438.<\/li><li>\u041f\u0443\u0441\u0442\u044c \u0432\u0441\u044f \u0441\u043e\u043b\u044c \u043d\u0430 \u043f\u043e\u043b\u0443 \u043e\u0441\u0442\u0430\u043d\u0435\u0442\u0441\u044f \u0434\u0435\u0442\u0441\u043a\u043e\u0439 \u043f\u043b\u043e\u0449\u0430\u0434\u043a\u043e\u0439. \ud83d\ude0a<\/li><\/ul><h5>\u041f\u043e\u0441\u043b\u0435 \u0432\u0438\u0437\u0438\u0442\u0430<\/h5><ul><li>\u041f\u0440\u043e\u0441\u0438\u043c \u0432\u0430\u0441 \u0443\u0439\u0442\u0438 \u0441\u0440\u0430\u0437\u0443 \u043f\u043e\u0441\u043b\u0435 \u043e\u043a\u043e\u043d\u0447\u0430\u043d\u0438\u044f \u0441\u0435\u0430\u043d\u0441\u0430, \u0437\u0430\u0440\u0430\u0431\u043e\u0442\u0430\u0435\u0442 \u043c\u043e\u0449\u043d\u0430\u044f \u0441\u0438\u0441\u0442\u0435\u043c\u0430 \u0432\u0435\u043d\u0442\u0438\u043b\u044f\u0446\u0438\u0438.<\/li><li>\u0420\u0435\u043a\u043e\u043c\u0435\u043d\u0434\u0443\u0435\u0442\u0441\u044f \u043f\u0438\u0442\u044c \u043c\u043d\u043e\u0433\u043e \u0432\u043e\u0434\u044b. \u041d\u0430\u043d\u0435\u0441\u0435\u043d\u0438\u0435 \u043a\u0440\u0435\u043c\u0430 \u0441\u0440\u0430\u0437\u0443 \u043f\u043e\u0441\u043b\u0435 \u0441\u0435\u0430\u043d\u0441\u0430 \u0434\u0430\u0435\u0442 \u0434\u0432\u043e\u0439\u043d\u043e\u0439 \u044d\u0444\u0444\u0435\u043a\u0442 (\u043a\u0430\u043a \u043f\u043e\u0441\u043b\u0435 \u0441\u0430\u0443\u043d\u044b).<\/li><li>\u0412\u0434\u044b\u0445\u0430\u043d\u0438\u0435 \u0441\u043e\u043b\u0435\u0432\u044b\u0445 \u043f\u0430\u0440\u043e\u0432 \u043f\u043e\u043b\u0435\u0437\u043d\u043e \u0434\u043b\u044f \u0437\u0434\u043e\u0440\u043e\u0432\u044c\u044f \u0438 \u043e\u0431\u044b\u0447\u043d\u043e \u043f\u0440\u043e\u0445\u043e\u0434\u0438\u0442 \u0431\u0435\u0437 \u043e\u0441\u043b\u043e\u0436\u043d\u0435\u043d\u0438\u0439, \u043d\u043e \u0443 \u043d\u0435\u043a\u043e\u0442\u043e\u0440\u044b\u0445 \u043b\u044e\u0434\u0435\u0439 \u043c\u043e\u0433\u0443\u0442 \u0432\u043e\u0437\u043d\u0438\u043a\u043d\u0443\u0442\u044c \u0441\u043b\u0435\u0434\u0443\u044e\u0449\u0438\u0435 \u0441\u0438\u043c\u043f\u0442\u043e\u043c\u044b, \u0442\u0430\u043a\u0438\u0435 \u043a\u0430\u043a:<ul><li><span style=\"color: #055f6f;\"><strong>\u041e\u0449\u0443\u0449\u0435\u043d\u0438\u0435 \u0437\u0443\u0434\u0430 \u0432 \u0433\u043e\u0440\u043b\u0435.<\/strong><\/span> \u041f\u0440\u0438\u0447\u0438\u043d\u0430 \u2013 \u043e\u0442\u043b\u043e\u0436\u0435\u043d\u0438\u0435 \u0441\u043e\u043b\u0435\u0439 \u0432 \u0434\u044b\u0445\u0430\u0442\u0435\u043b\u044c\u043d\u044b\u0445 \u043f\u0443\u0442\u044f\u0445. <span style=\"color: #055f6f;\"><strong>\u0412 \u044d\u0442\u043e\u043c \u0441\u043b\u0443\u0447\u0430\u0435<\/strong><\/span> \u2013 \u043f\u0440\u043e\u043f\u043e\u043b\u043e\u0449\u0438\u0442\u0435 \u0433\u043e\u0440\u043b\u043e \u043e\u0441\u0442\u044b\u0432\u0448\u0435\u0439 \u043a\u0438\u043f\u044f\u0447\u0435\u043d\u043e\u0439 \u0432\u043e\u0434\u043e\u0439 \u0438\u043b\u0438 \u0432\u043e\u0437\u044c\u043c\u0438\u0442\u0435 \u0441 \u0441\u043e\u0431\u043e\u0439 \u0432 \u043f\u0435\u0440\u0435\u0434\u043d\u044e\u044e \u043a\u043e\u043c\u043d\u0430\u0442\u0443 \u0441\u043e\u043b\u044f\u043d\u043e\u0439 \u043a\u0430\u043c\u0435\u0440\u044b \u0431\u0443\u0442\u044b\u043b\u043e\u0447\u043a\u0443 \u0441 \u0432\u043e\u0434\u043e\u0439!<\/li><li><strong><span style=\"color: #055f6f;\">\u0420\u0430\u0437\u0434\u0440\u0430\u0436\u0435\u043d\u0438\u0435 \u0433\u043b\u0430\u0437<\/span><\/strong> \u0438\u043b\u0438 \u043a\u043e\u043d\u044a\u044e\u043d\u043a\u0442\u0438\u0432\u0438\u0442. \u041f\u0440\u0438\u0447\u0438\u043d\u043e\u0439 \u0442\u0430\u043a\u0436\u0435 \u044f\u0432\u043b\u044f\u0435\u0442\u0441\u044f \u043f\u043e\u043f\u0430\u0434\u0430\u043d\u0438\u0435 \u043f\u0430\u0440\u043e\u0432 \u0441\u043e\u043b\u0438 \u043d\u0430 \u0441\u043b\u0438\u0437\u0438\u0441\u0442\u0443\u044e \u043e\u0431\u043e\u043b\u043e\u0447\u043a\u0443 \u0441\u0432\u0435\u0440\u0445\u0447\u0443\u0432\u0441\u0442\u0432\u0438\u0442\u0435\u043b\u044c\u043d\u044b\u0445 \u0433\u043b\u0430\u0437. <span style=\"color: #055f6f;\"><strong>\u0412 \u044d\u0442\u043e\u043c \u0441\u043b\u0443\u0447\u0430\u0435<\/strong><\/span> \u2013 \u0432 \u0441\u043e\u043b\u044f\u043d\u043e\u0439 \u043a\u0430\u043c\u0435\u0440\u0435 \u0437\u0430\u043a\u0440\u043e\u0439\u0442\u0435 \u0433\u043b\u0430\u0437\u0430, \u0437\u0430\u043a\u0430\u043f\u0430\u0439\u0442\u0435 \u0432 \u0433\u043b\u0430\u0437\u0430 \u0440\u0430\u0441\u0442\u0432\u043e\u0440 \u0441\u0443\u043b\u044c\u0444\u0430\u0446\u0438\u043b\u0430 \u043d\u0430\u0442\u0440\u0438\u044f, \u043a\u043e\u0442\u043e\u0440\u044b\u0439 \u043c\u043e\u0436\u043d\u043e \u0437\u0430\u0440\u0430\u043d\u0435\u0435 \u043a\u0443\u043f\u0438\u0442\u044c \u0432 \u0430\u043f\u0442\u0435\u043a\u0435!<\/li><li><span style=\"color: #055f6f;\"><strong>\u0417\u0443\u0434\u044f\u0449\u0430\u044f \u043a\u043e\u0436\u0430<\/strong><\/span>, \u043c\u0435\u043b\u043a\u0430\u044f \u043f\u0430\u043f\u0443\u043b\u0435\u0437\u043d\u0430\u044f \u0441\u044b\u043f\u044c. \u041f\u0440\u0438\u0447\u0438\u043d\u043e\u0439 \u0442\u0430\u043a\u0436\u0435 \u044f\u0432\u043b\u044f\u0435\u0442\u0441\u044f \u043e\u0442\u043b\u043e\u0436\u0435\u043d\u0438\u0435 \u043f\u0430\u0440\u043e\u0432 \u0441\u043e\u043b\u0438 \u043d\u0430 \u0432\u044b\u0441\u043e\u043a\u043e\u0447\u0443\u0432\u0441\u0442\u0432\u0438\u0442\u0435\u043b\u044c\u043d\u043e\u0439 \u043a\u043e\u0436\u0435. \u041e\u0434\u043d\u0430\u043a\u043e \u044d\u0442\u043e \u0441\u043b\u0443\u0447\u0430\u0435\u0442\u0441\u044f \u0440\u0435\u0434\u043a\u043e \u0438 \u043e\u0431\u044b\u0447\u043d\u043e \u0438\u0441\u0447\u0435\u0437\u0430\u0435\u0442 \u043f\u043e\u0441\u043b\u0435 3-5 \u0441\u0435\u0430\u043d\u0441\u043e\u0432. <strong><span style=\"color: #055f6f;\">\u0412 \u044d\u0442\u043e\u043c \u0441\u043b\u0443\u0447\u0430\u0435<\/span><\/strong> \u2014 \u0432 \u0441\u043e\u043b\u044f\u043d\u043e\u0439 \u043a\u0430\u043c\u0435\u0440\u0435 \u043d\u043e\u0441\u0438\u0442\u0435 \u043a\u0430\u043a \u043c\u043e\u0436\u043d\u043e \u0434\u043e\u043b\u044c\u0448\u0435 \u0438 \u043f\u043e\u0441\u043b\u0435 \u0441\u0435\u0430\u043d\u0441\u0430 \u0443\u043c\u044b\u0432\u0430\u0439\u0442\u0435\u0441\u044c \u0441\u043e\u043b\u044f\u043d\u044b\u043c \u043f\u0430\u0440\u043e\u043c!<\/li><\/ul><\/li><\/ul><h5>\u0416\u0435\u043b\u0430\u0435\u043c \u0412\u0430\u043c \u043f\u0440\u0438\u044f\u0442\u043d\u043e\u0433\u043e \u043f\u043e\u0441\u0435\u0449\u0435\u043d\u0438\u044f \u0438 \u043a\u0440\u0435\u043f\u043a\u043e\u0433\u043e \u0437\u0434\u043e\u0440\u043e\u0432\u044c\u044f!<\/h5>\t\t\t\t\t\t\t\t<\/div>\n\t\t\t\t<\/div>\n\t\t\t\t<\/div>\n\t\t\t\t\t<\/div>\n\t\t\t\t<\/div>\n\t\t<div class=\"elementor-element elementor-element-65da617 e-flex e-con-boxed e-con e-parent\" data-id=\"65da617\" data-element_type=\"container\" data-e-type=\"container\">\n\t\t\t\t\t<div class=\"e-con-inner\">\n\t\t\t\t<div class=\"elementor-element elementor-element-096e86f exad-sticky-section-no exad-glass-effect-no elementor-widget elementor-widget-spacer\" data-id=\"096e86f\" data-element_type=\"widget\" data-e-type=\"widget\" data-widget_type=\"spacer.default\">\n\t\t\t\t<div class=\"elementor-widget-container\">\n\t\t\t\t\t\t\t<div class=\"elementor-spacer\">\n\t\t\t<div class=\"elementor-spacer-inner\"><\/div>\n\t\t<\/div>\n\t\t\t\t\t\t<\/div>\n\t\t\t\t<\/div>\n\t\t\t\t\t<\/div>\n\t\t\t\t<\/div>\n\t\t\t\t<\/div>","protected":false},"excerpt":{"rendered":"<p>K\u00fclastusinfo Armsad k\u00fclalised, palume enne esmast soolakambri k\u00fclastust l\u00e4bi lugeda j\u00e4rgnev info: Enne k\u00fclastust K\u00f5ige kindlam on oma k\u00fclastus eelnevalt [&hellip;]<\/p>\n","protected":false},"author":1,"featured_media":0,"parent":0,"menu_order":0,"comment_status":"closed","ping_status":"closed","template":"","meta":{"site-sidebar-layout":"no-sidebar","site-content-layout":"page-builder","ast-site-content-layout":"default","site-content-style":"default","site-sidebar-style":"default","ast-global-header-display":"","ast-banner-title-visibility":"","ast-main-header-display":"","ast-hfb-above-header-display":"","ast-hfb-below-header-display":"","ast-hfb-mobile-header-display":"","site-post-title":"disabled","ast-breadcrumbs-content":"disabled","ast-featured-img":"disabled","footer-sml-layout":"","theme-transparent-header-meta":"default","adv-header-id-meta":"","stick-header-meta":"","header-above-stick-meta":"","header-main-stick-meta":"","header-below-stick-meta":"","astra-migrate-meta-layouts":"default","ast-page-background-enabled":"default","ast-page-background-meta":{"desktop":{"background-color":"","background-image":"","background-repeat":"repeat","background-position":"center center","background-size":"auto","background-attachment":"scroll","background-type":"","background-media":"","overlay-type":"","overlay-color":"","overlay-opacity":"","overlay-gradient":""},"tablet":{"background-color":"","background-image":"","background-repeat":"repeat","background-position":"center center","background-size":"auto","background-attachment":"scroll","background-type":"","background-media":"","overlay-type":"","overlay-color":"","overlay-opacity":"","overlay-gradient":""},"mobile":{"background-color":"","background-image":"","background-repeat":"repeat","background-position":"center center","background-size":"auto","background-attachment":"scroll","background-type":"","background-media":"","overlay-type":"","overlay-color":"","overlay-opacity":"","overlay-gradient":""}},"ast-content-background-meta":{"desktop":{"background-color":"var(--ast-global-color-5)","background-image":"","background-repeat":"repeat","background-position":"center center","background-size":"auto","background-attachment":"scroll","background-type":"","background-media":"","overlay-type":"","overlay-color":"","overlay-opacity":"","overlay-gradient":""},"tablet":{"background-color":"var(--ast-global-color-5)","background-image":"","background-repeat":"repeat","background-position":"center center","background-size":"auto","background-attachment":"scroll","background-type":"","background-media":"","overlay-type":"","overlay-color":"","overlay-opacity":"","overlay-gradient":""},"mobile":{"background-color":"var(--ast-global-color-5)","background-image":"","background-repeat":"repeat","background-position":"center center","background-size":"auto","background-attachment":"scroll","background-type":"","background-media":"","overlay-type":"","overlay-color":"","overlay-opacity":"","overlay-gradient":""}},"footnotes":""},"class_list":["post-9656","page","type-page","status-publish","hentry"],"_links":{"self":[{"href":"https:\/\/halos.ee\/rus\/wp-json\/wp\/v2\/pages\/9656","targetHints":{"allow":["GET"]}}],"collection":[{"href":"https:\/\/halos.ee\/rus\/wp-json\/wp\/v2\/pages"}],"about":[{"href":"https:\/\/halos.ee\/rus\/wp-json\/wp\/v2\/types\/page"}],"author":[{"embeddable":true,"href":"https:\/\/halos.ee\/rus\/wp-json\/wp\/v2\/users\/1"}],"replies":[{"embeddable":true,"href":"https:\/\/halos.ee\/rus\/wp-json\/wp\/v2\/comments?post=9656"}],"version-history":[{"count":19,"href":"https:\/\/halos.ee\/rus\/wp-json\/wp\/v2\/pages\/9656\/revisions"}],"predecessor-version":[{"id":10094,"href":"https:\/\/halos.ee\/rus\/wp-json\/wp\/v2\/pages\/9656\/revisions\/10094"}],"wp:attachment":[{"href":"https:\/\/halos.ee\/rus\/wp-json\/wp\/v2\/media?parent=9656"}],"curies":[{"name":"wp","href":"https:\/\/api.w.org\/{rel}","templated":true}]}}