{"id":11330,"date":"2025-04-06T18:37:36","date_gmt":"2025-04-06T16:37:36","guid":{"rendered":"https:\/\/halos.ee\/?post_type=product&#038;p=11330"},"modified":"2025-10-20T23:51:45","modified_gmt":"2025-10-20T20:51:45","slug":"soolakamber-10x-pakett","status":"publish","type":"product","link":"https:\/\/halos.ee\/rus\/product\/soolakamber-10x-pakett\/","title":{"rendered":"\u041f\u0430\u043a\u0435\u0442 10 \u043f\u043e\u0441\u0435\u0449\u0435\u043d\u0438\u0439 \u0441\u043e\u043b\u044f\u043d\u043e\u0439 \u043a\u043e\u043c\u043d\u0430\u0442\u044b"},"content":{"rendered":"","protected":false},"excerpt":{"rendered":"<p>\u041f\u0440\u043e\u0434\u043e\u043b\u0436\u0438\u0442\u0435\u043b\u044c\u043d\u043e\u0441\u0442\u044c \u0441\u0435\u0430\u043d\u0441\u0430 \u043f\u043e\u0441\u0435\u0449\u0435\u043d\u0438\u044f \u0441\u043e\u043b\u044f\u043d\u043e\u0439 \u043a\u043e\u043c\u043d\u0430\u0442\u044b: 25 \u043c\u0438\u043d\u0443\u0442. \u041f\u043e\u0436\u0430\u043b\u0443\u0439\u0441\u0442\u0430, \u043f\u0440\u0438\u0445\u043e\u0434\u0438\u0442\u0435 \u0437\u0430 10-15 \u043c\u0438\u043d\u0443\u0442 \u0434\u043e \u043d\u0430\u0447\u0430\u043b\u0430 \u0431\u0440\u043e\u043d\u0438\u0440\u043e\u0432\u0430\u043d\u0438\u044f. \u041d\u0430 \u043c\u0435\u0441\u0442\u0435 \u0432\u0430\u043c \u0432\u044b\u0434\u0430\u0434\u0443\u0442 \u043a\u0443\u043f\u043e\u043d \u043d\u0430 10 \u043f\u043e\u0441\u0435\u0449\u0435\u043d\u0438\u0439.<\/p>\n<p>\u0418\u043d\u0444\u043e\u0440\u043c\u0430\u0446\u0438\u044e \u043e \u0441\u043e\u043b\u044f\u043d\u043e\u0439 \u043a\u0430\u043c\u0435\u0440\u0435 \u043c\u043e\u0436\u043d\u043e \u043d\u0430\u0439\u0442\u0438 \u043f\u043e \u0430\u0434\u0440\u0435\u0441\u0443: <a href=\"https:\/\/halos.ee\/rus\/soolakamber\/\" target=\"_blank\" rel=\"noopener\">www.halos.ee\/soolakamber<\/a>.<\/p>","protected":false},"featured_media":11648,"template":"","meta":{"site-sidebar-layout":"default","site-content-layout":"","ast-site-content-layout":"default","site-content-style":"default","site-sidebar-style":"default","ast-global-header-display":"","ast-banner-title-visibility":"","ast-main-header-display":"","ast-hfb-above-header-display":"","ast-hfb-below-header-display":"","ast-hfb-mobile-header-display":"","site-post-title":"","ast-breadcrumbs-content":"","ast-featured-img":"","footer-sml-layout":"","theme-transparent-header-meta":"default","adv-header-id-meta":"","stick-header-meta":"","header-above-stick-meta":"","header-main-stick-meta":"","header-below-stick-meta":"","astra-migrate-meta-layouts":"set","ast-page-background-enabled":"default","ast-page-background-meta":{"desktop":{"background-color":"","background-image":"","background-repeat":"repeat","background-position":"center center","background-size":"auto","background-attachment":"scroll","background-type":"","background-media":"","overlay-type":"","overlay-color":"","overlay-opacity":"","overlay-gradient":""},"tablet":{"background-color":"","background-image":"","background-repeat":"repeat","background-position":"center center","background-size":"auto","background-attachment":"scroll","background-type":"","background-media":"","overlay-type":"","overlay-color":"","overlay-opacity":"","overlay-gradient":""},"mobile":{"background-color":"","background-image":"","background-repeat":"repeat","background-position":"center center","background-size":"auto","background-attachment":"scroll","background-type":"","background-media":"","overlay-type":"","overlay-color":"","overlay-opacity":"","overlay-gradient":""}},"ast-content-background-meta":{"desktop":{"background-color":"var(--ast-global-color-5)","background-image":"","background-repeat":"repeat","background-position":"center center","background-size":"auto","background-attachment":"scroll","background-type":"","background-media":"","overlay-type":"","overlay-color":"","overlay-opacity":"","overlay-gradient":""},"tablet":{"background-color":"var(--ast-global-color-5)","background-image":"","background-repeat":"repeat","background-position":"center center","background-size":"auto","background-attachment":"scroll","background-type":"","background-media":"","overlay-type":"","overlay-color":"","overlay-opacity":"","overlay-gradient":""},"mobile":{"background-color":"var(--ast-global-color-5)","background-image":"","background-repeat":"repeat","background-position":"center center","background-size":"auto","background-attachment":"scroll","background-type":"","background-media":"","overlay-type":"","overlay-color":"","overlay-opacity":"","overlay-gradient":""}}},"product_brand":[],"product_cat":[69],"product_tag":[],"class_list":{"0":"post-11330","1":"product","2":"type-product","3":"status-publish","4":"has-post-thumbnail","6":"product_cat-pakett","7":"desktop-align-left","8":"tablet-align-left","9":"mobile-align-left","11":"first","12":"instock","13":"virtual","14":"sold-individually","15":"taxable","16":"purchasable","17":"product-type-appointment"},"exclude_global_add_ons":false,"addons":[{"name":"\u0420\u0430\u0437\u043c\u0435\u0440 \u0441\u0435\u043c\u044c\u0438","type":"multiple_choice","position":0,"required":true,"title_format":"label","default":"","description_enable":false,"description":"","placeholder_enable":false,"placeholder":"","display":"select","restrictions_type":"any_text","adjust_price":false,"price":"","price_type":"flat_fee","restrictions":false,"min":"0","max":"0","options":[{"label":"T\u00e4iskasvanu + 1 laps","price":"114.99","price_type":"quantity_based","image":0,"visibility":true},{"label":"T\u00e4iskasvanu + 2 last","price":"149.99","price_type":"quantity_based","image":0,"visibility":true},{"label":"T\u00e4iskasvanu + 3 last","price":"164.99","price_type":"quantity_based","image":0,"visibility":true},{"label":"2 t\u00e4iskasvanut + 1 laps","price":"174.99","price_type":"quantity_based","image":0,"visibility":true},{"label":"2 t\u00e4iskasvanut + 2 last","price":"209.99","price_type":"quantity_based","image":0,"visibility":true},{"label":"2 t\u00e4iskasvanut + 3 last","price":"224.99","price_type":"quantity_based","image":0,"visibility":true},{"label":"T\u00e4iskasvanu","price":"79.99","price_type":"quantity_based","image":0,"visibility":true},{"label":"2 t\u00e4iskasvanut","price":"159.98","price_type":"quantity_based","image":0,"visibility":true}],"id":1744038346}],"_links":{"self":[{"href":"https:\/\/halos.ee\/rus\/wp-json\/wp\/v2\/product\/11330","targetHints":{"allow":["GET"]}}],"collection":[{"href":"https:\/\/halos.ee\/rus\/wp-json\/wp\/v2\/product"}],"about":[{"href":"https:\/\/halos.ee\/rus\/wp-json\/wp\/v2\/types\/product"}],"wp:featuredmedia":[{"embeddable":true,"href":"https:\/\/halos.ee\/rus\/wp-json\/wp\/v2\/media\/11648"}],"wp:attachment":[{"href":"https:\/\/halos.ee\/rus\/wp-json\/wp\/v2\/media?parent=11330"}],"wp:term":[{"taxonomy":"product_brand","embeddable":true,"href":"https:\/\/halos.ee\/rus\/wp-json\/wp\/v2\/product_brand?post=11330"},{"taxonomy":"product_cat","embeddable":true,"href":"https:\/\/halos.ee\/rus\/wp-json\/wp\/v2\/product_cat?post=11330"},{"taxonomy":"product_tag","embeddable":true,"href":"https:\/\/halos.ee\/rus\/wp-json\/wp\/v2\/product_tag?post=11330"}],"curies":[{"name":"wp","href":"https:\/\/api.w.org\/{rel}","templated":true}]}}